{"id":10520,"date":"2025-11-14T20:03:01","date_gmt":"2025-11-14T20:03:01","guid":{"rendered":"https:\/\/komplexingatlan.rmweb.hu\/?page_id=10520"},"modified":"2025-11-14T20:03:01","modified_gmt":"2025-11-14T20:03:01","slug":"nyert-palyazatok","status":"publish","type":"page","link":"https:\/\/komplexingatlan.rmweb.hu\/sk\/nyert-palyazatok\/","title":{"rendered":"Pridelen\u00e9 dot\u00e1cie"},"content":{"rendered":"<ul class=\"wp-block-list\"><li>Kedvezm\u00e9nyezett neve: <strong>PRO-COMPLEX 2010 Kft.<\/strong><\/li><li>Projekt c\u00edme: <strong>Gyakornok foglalkoztat\u00e1sa a PRO-COMPLEX 2010 Kft.-n\u00e9l<\/strong><\/li><li>Szerz\u0151d\u00f6tt t\u00e1mogat\u00e1s \u00f6sszege: <strong>3.640.512,-Ft<\/strong><\/li><li>T\u00e1mogat\u00e1s m\u00e9rt\u00e9ke: <strong>100%<\/strong><\/li><li>Projekt tartalma: <strong>P\u00e1lyakezd\u0151 gyakornok foglalkoztat\u00e1sa, munkaer\u0151piacra l\u00e9p\u00e9s el\u0151seg\u00edt\u00e9se<\/strong><\/li><li>Projekt tervezett fizikai befejez\u00e9se: <strong>2019.08.01.<\/strong><\/li><li>Projekt t\u00e9nyleges fizikai befejez\u00e9se: <strong>2019.08.01.<\/strong><\/li><li>Projekt azonos\u00edt\u00f3 sz\u00e1ma:\u00a0<strong>GINOP-5.2.4-16-2018-02967<\/strong><\/li><\/ul>","protected":false},"excerpt":{"rendered":"<p>Kedvezm\u00e9nyezett neve: PRO-COMPLEX 2010 Kft. Projekt c\u00edme: Gyakornok foglalkoztat\u00e1sa a PRO-COMPLEX 2010 Kft.-n\u00e9l Szerz\u0151d\u00f6tt t\u00e1mogat\u00e1s \u00f6sszege: 3.640.512,-Ft T\u00e1mogat\u00e1s m\u00e9rt\u00e9ke: 100% Projekt tartalma: P\u00e1lyakezd\u0151 gyakornok foglalkoztat\u00e1sa, munkaer\u0151piacra l\u00e9p\u00e9s el\u0151seg\u00edt\u00e9se Projekt tervezett fizikai befejez\u00e9se: 2019.08.01. Projekt t\u00e9nyleges fizikai befejez\u00e9se: 2019.08.01. Projekt azonos\u00edt\u00f3 sz\u00e1ma:\u00a0GINOP-5.2.4-16-2018-02967<\/p>","protected":false},"author":4,"featured_media":0,"parent":0,"menu_order":0,"comment_status":"closed","ping_status":"closed","template":"","meta":{"footnotes":""},"class_list":["post-10520","page","type-page","status-publish","hentry"],"_links":{"self":[{"href":"https:\/\/komplexingatlan.rmweb.hu\/sk\/wp-json\/wp\/v2\/pages\/10520","targetHints":{"allow":["GET"]}}],"collection":[{"href":"https:\/\/komplexingatlan.rmweb.hu\/sk\/wp-json\/wp\/v2\/pages"}],"about":[{"href":"https:\/\/komplexingatlan.rmweb.hu\/sk\/wp-json\/wp\/v2\/types\/page"}],"author":[{"embeddable":true,"href":"https:\/\/komplexingatlan.rmweb.hu\/sk\/wp-json\/wp\/v2\/users\/4"}],"replies":[{"embeddable":true,"href":"https:\/\/komplexingatlan.rmweb.hu\/sk\/wp-json\/wp\/v2\/comments?post=10520"}],"version-history":[{"count":1,"href":"https:\/\/komplexingatlan.rmweb.hu\/sk\/wp-json\/wp\/v2\/pages\/10520\/revisions"}],"predecessor-version":[{"id":10521,"href":"https:\/\/komplexingatlan.rmweb.hu\/sk\/wp-json\/wp\/v2\/pages\/10520\/revisions\/10521"}],"wp:attachment":[{"href":"https:\/\/komplexingatlan.rmweb.hu\/sk\/wp-json\/wp\/v2\/media?parent=10520"}],"curies":[{"name":"wp","href":"https:\/\/api.w.org\/{rel}","templated":true}]}}