{"id":10506,"date":"2025-11-14T19:39:15","date_gmt":"2025-11-14T19:39:15","guid":{"rendered":"https:\/\/komplexingatlan.rmweb.hu\/?page_id=10506"},"modified":"2026-04-15T06:49:52","modified_gmt":"2026-04-15T06:49:52","slug":"kapcsolat-gyor","status":"publish","type":"page","link":"https:\/\/komplexingatlan.rmweb.hu\/sk\/kapcsolat-gyor\/","title":{"rendered":"Kapcsolat &#8211; Gy\u0151r"},"content":{"rendered":"<div data-elementor-type=\"wp-page\" data-elementor-id=\"10506\" class=\"elementor elementor-10506\" data-elementor-post-type=\"page\">\n\t\t\t\t<div class=\"elementor-element elementor-element-aab1435 e-flex e-con-boxed e-con e-parent\" data-id=\"aab1435\" data-element_type=\"container\">\n\t\t\t\t\t<div class=\"e-con-inner\">\n\t\t<div class=\"elementor-element elementor-element-fec4969 e-con-full e-flex e-con e-child\" data-id=\"fec4969\" data-element_type=\"container\" data-settings=\"{&quot;background_background&quot;:&quot;classic&quot;}\">\n\t\t\t\t<div class=\"elementor-element elementor-element-70dc852 elementor-position-top elementor-widget elementor-widget-image-box\" data-id=\"70dc852\" data-element_type=\"widget\" data-widget_type=\"image-box.default\">\n\t\t\t\t<div class=\"elementor-widget-container\">\n\t\t\t\t\t<div class=\"elementor-image-box-wrapper\"><figure class=\"elementor-image-box-img\"><img fetchpriority=\"high\" decoding=\"async\" width=\"512\" height=\"512\" src=\"https:\/\/komplexingatlan.rmweb.hu\/wp-content\/uploads\/2025\/12\/location.png\" class=\"attachment-full size-full wp-image-11201\" alt=\"\" srcset=\"https:\/\/komplexingatlan.rmweb.hu\/wp-content\/uploads\/2025\/12\/location.png 512w, https:\/\/komplexingatlan.rmweb.hu\/wp-content\/uploads\/2025\/12\/location-300x300.png 300w, https:\/\/komplexingatlan.rmweb.hu\/wp-content\/uploads\/2025\/12\/location-150x150.png 150w\" sizes=\"(max-width: 512px) 100vw, 512px\" \/><\/figure><div class=\"elementor-image-box-content\"><h3 class=\"elementor-image-box-title\">C\u00edm<\/h3><p class=\"elementor-image-box-description\">G\u00e1rdonyi G\u00e9za u. 3. (fszt.\/1)<br>\n9022 Gy\u0151r, Magyarorsz\u00e1g<\/p><\/div><\/div>\t\t\t\t<\/div>\n\t\t\t\t<\/div>\n\t\t\t\t<\/div>\n\t\t<div class=\"elementor-element elementor-element-afe329a e-con-full e-flex e-con e-child\" data-id=\"afe329a\" data-element_type=\"container\" data-settings=\"{&quot;background_background&quot;:&quot;classic&quot;}\">\n\t\t\t\t<div class=\"elementor-element elementor-element-747bbbb elementor-position-top elementor-widget elementor-widget-image-box\" data-id=\"747bbbb\" data-element_type=\"widget\" data-widget_type=\"image-box.default\">\n\t\t\t\t<div class=\"elementor-widget-container\">\n\t\t\t\t\t<div class=\"elementor-image-box-wrapper\"><figure class=\"elementor-image-box-img\"><img decoding=\"async\" width=\"512\" height=\"512\" src=\"https:\/\/komplexingatlan.rmweb.hu\/wp-content\/uploads\/2025\/12\/telephone.png\" class=\"attachment-full size-full wp-image-11202\" alt=\"\" srcset=\"https:\/\/komplexingatlan.rmweb.hu\/wp-content\/uploads\/2025\/12\/telephone.png 512w, https:\/\/komplexingatlan.rmweb.hu\/wp-content\/uploads\/2025\/12\/telephone-300x300.png 300w, https:\/\/komplexingatlan.rmweb.hu\/wp-content\/uploads\/2025\/12\/telephone-150x150.png 150w\" sizes=\"(max-width: 512px) 100vw, 512px\" \/><\/figure><div class=\"elementor-image-box-content\"><h3 class=\"elementor-image-box-title\">Telefon<\/h3><p class=\"elementor-image-box-description\">+36-20\/461-57-00<\/p><\/div><\/div>\t\t\t\t<\/div>\n\t\t\t\t<\/div>\n\t\t\t\t<\/div>\n\t\t<div class=\"elementor-element elementor-element-84b83e4 e-con-full e-flex e-con e-child\" data-id=\"84b83e4\" data-element_type=\"container\" data-settings=\"{&quot;background_background&quot;:&quot;classic&quot;}\">\n\t\t\t\t<div class=\"elementor-element elementor-element-fb1f5fe elementor-position-top elementor-widget elementor-widget-image-box\" data-id=\"fb1f5fe\" data-element_type=\"widget\" data-widget_type=\"image-box.default\">\n\t\t\t\t<div class=\"elementor-widget-container\">\n\t\t\t\t\t<div class=\"elementor-image-box-wrapper\"><figure class=\"elementor-image-box-img\"><img decoding=\"async\" width=\"512\" height=\"512\" src=\"https:\/\/komplexingatlan.rmweb.hu\/wp-content\/uploads\/2025\/12\/arroba.png\" class=\"attachment-full size-full wp-image-11203\" alt=\"\" srcset=\"https:\/\/komplexingatlan.rmweb.hu\/wp-content\/uploads\/2025\/12\/arroba.png 512w, https:\/\/komplexingatlan.rmweb.hu\/wp-content\/uploads\/2025\/12\/arroba-300x300.png 300w, https:\/\/komplexingatlan.rmweb.hu\/wp-content\/uploads\/2025\/12\/arroba-150x150.png 150w\" sizes=\"(max-width: 512px) 100vw, 512px\" \/><\/figure><div class=\"elementor-image-box-content\"><h3 class=\"elementor-image-box-title\">Email<\/h3><p class=\"elementor-image-box-description\">info@komplexingatlan.com\n<\/p><\/div><\/div>\t\t\t\t<\/div>\n\t\t\t\t<\/div>\n\t\t\t\t<\/div>\n\t\t\t\t\t<\/div>\n\t\t\t\t<\/div>\n\t\t<div class=\"elementor-element elementor-element-2e57be2a e-flex e-con-boxed e-con e-parent\" data-id=\"2e57be2a\" data-element_type=\"container\">\n\t\t\t\t\t<div class=\"e-con-inner\">\n\t\t\t\t<div class=\"elementor-element elementor-element-66c6ac9 elementor-widget elementor-widget-google_maps\" data-id=\"66c6ac9\" data-element_type=\"widget\" data-widget_type=\"google_maps.default\">\n\t\t\t\t<div class=\"elementor-widget-container\">\n\t\t\t\t\t\t\t<div class=\"elementor-custom-embed\">\n\t\t\t<iframe loading=\"lazy\"\n\t\t\t\t\tsrc=\"https:\/\/maps.google.com\/maps?q=G%C3%A1rdonyi%20G%C3%A9za%20u.%203.%20%28fszt.%2F1%29%209022%20Gy%C5%91r%2C%20Magyarorsz%C3%A1g&#038;t=m&#038;z=14&#038;output=embed&#038;iwloc=near\"\n\t\t\t\t\ttitle=\"G\u00e1rdonyi G\u00e9za u. 3. (fszt.\/1) 9022 Gy\u0151r, Magyarorsz\u00e1g\"\n\t\t\t\t\taria-label=\"G\u00e1rdonyi G\u00e9za u. 3. (fszt.\/1) 9022 Gy\u0151r, Magyarorsz\u00e1g\"\n\t\t\t><\/iframe>\n\t\t<\/div>\n\t\t\t\t\t\t<\/div>\n\t\t\t\t<\/div>\n\t\t\t\t\t<\/div>\n\t\t\t\t<\/div>\n\t\t<div class=\"elementor-element elementor-element-1120bd9 e-flex e-con-boxed e-con e-parent\" data-id=\"1120bd9\" data-element_type=\"container\">\n\t\t\t\t\t<div class=\"e-con-inner\">\n\t\t<div class=\"elementor-element elementor-element-f3914d8 e-con-full e-flex e-con e-child\" data-id=\"f3914d8\" data-element_type=\"container\" data-settings=\"{&quot;background_background&quot;:&quot;classic&quot;}\">\n\t\t<div class=\"elementor-element elementor-element-1404b21 e-con-full e-flex e-con e-child\" data-id=\"1404b21\" data-element_type=\"container\">\n\t\t\t\t<div class=\"elementor-element elementor-element-d7c3e71 elementor-position-left elementor-vertical-align-middle elementor-widget elementor-widget-image-box\" data-id=\"d7c3e71\" data-element_type=\"widget\" data-widget_type=\"image-box.default\">\n\t\t\t\t<div class=\"elementor-widget-container\">\n\t\t\t\t\t<div class=\"elementor-image-box-wrapper\"><figure class=\"elementor-image-box-img\"><a href=\"https:\/\/komplexingatlan.rmweb.hu\/sk\/agent\/dr-sandli-zsolt\/\" tabindex=\"-1\"><img loading=\"lazy\" decoding=\"async\" width=\"250\" height=\"250\" src=\"https:\/\/komplexingatlan.rmweb.hu\/wp-content\/uploads\/2025\/11\/avatar_sandlizsolti.png\" class=\"attachment-full size-full wp-image-10774\" alt=\"\" srcset=\"https:\/\/komplexingatlan.rmweb.hu\/wp-content\/uploads\/2025\/11\/avatar_sandlizsolti.png 250w, https:\/\/komplexingatlan.rmweb.hu\/wp-content\/uploads\/2025\/11\/avatar_sandlizsolti-150x150.png 150w\" sizes=\"(max-width: 250px) 100vw, 250px\" \/><\/a><\/figure><div class=\"elementor-image-box-content\"><h3 class=\"elementor-image-box-title\"><a href=\"https:\/\/komplexingatlan.rmweb.hu\/sk\/agent\/dr-sandli-zsolt\/\">dr. S\u00e1ndli Zsolt<\/a><\/h3><p class=\"elementor-image-box-description\"><strong>\u00dcgyvezet\u0151<\/strong><br>\n+36-20\/461-57-00<br>\ninfo@komplexingatlan.com<\/p><\/div><\/div>\t\t\t\t<\/div>\n\t\t\t\t<\/div>\n\t\t\t\t<\/div>\n\t\t\t\t<\/div>\n\t\t<div class=\"elementor-element elementor-element-7b81ca5 e-con-full e-flex e-con e-child\" data-id=\"7b81ca5\" data-element_type=\"container\" data-settings=\"{&quot;background_background&quot;:&quot;classic&quot;}\">\n\t\t<div class=\"elementor-element elementor-element-a5d2680 e-con-full e-flex e-con e-child\" data-id=\"a5d2680\" data-element_type=\"container\">\n\t\t\t\t<div class=\"elementor-element elementor-element-774d699 elementor-position-left elementor-vertical-align-middle elementor-widget elementor-widget-image-box\" data-id=\"774d699\" data-element_type=\"widget\" data-widget_type=\"image-box.default\">\n\t\t\t\t<div class=\"elementor-widget-container\">\n\t\t\t\t\t<div class=\"elementor-image-box-wrapper\"><figure class=\"elementor-image-box-img\"><a href=\"https:\/\/komplexingatlan.rmweb.hu\/sk\/agent\/sandli-margareta\/\" tabindex=\"-1\"><img loading=\"lazy\" decoding=\"async\" width=\"150\" height=\"150\" src=\"https:\/\/komplexingatlan.rmweb.hu\/wp-content\/uploads\/2025\/11\/avatar_sandlimargareta.png\" class=\"attachment-full size-full wp-image-10753\" alt=\"\" \/><\/a><\/figure><div class=\"elementor-image-box-content\"><h3 class=\"elementor-image-box-title\"><a href=\"https:\/\/komplexingatlan.rmweb.hu\/sk\/agent\/sandli-margareta\/\">S\u00e1ndli Margar\u00e9ta<\/a><\/h3><p class=\"elementor-image-box-description\"><strong>irodavezet\u0151<\/strong><br>\n+36-20\/436-04-00<br>\nmargareta@komplexingatlan.com<\/p><\/div><\/div>\t\t\t\t<\/div>\n\t\t\t\t<\/div>\n\t\t\t\t<\/div>\n\t\t\t\t<\/div>\n\t\t\t\t\t<\/div>\n\t\t\t\t<\/div>\n\t\t<div class=\"elementor-element elementor-element-ea76a8b e-flex e-con-boxed e-con e-parent\" data-id=\"ea76a8b\" data-element_type=\"container\">\n\t\t\t\t\t<div class=\"e-con-inner\">\n\t\t<div class=\"elementor-element elementor-element-165a6a6 e-con-full e-flex e-con e-child\" data-id=\"165a6a6\" data-element_type=\"container\" data-settings=\"{&quot;background_background&quot;:&quot;classic&quot;}\">\n\t\t<div class=\"elementor-element elementor-element-5f55203 e-con-full e-flex e-con e-child\" data-id=\"5f55203\" data-element_type=\"container\">\n\t\t\t\t<div class=\"elementor-element elementor-element-bc89dac elementor-position-left elementor-vertical-align-middle elementor-widget elementor-widget-image-box\" data-id=\"bc89dac\" data-element_type=\"widget\" data-widget_type=\"image-box.default\">\n\t\t\t\t<div class=\"elementor-widget-container\">\n\t\t\t\t\t<div class=\"elementor-image-box-wrapper\"><figure class=\"elementor-image-box-img\"><a href=\"https:\/\/komplexingatlan.rmweb.hu\/sk\/agent\/radani-gabor\/\" tabindex=\"-1\"><img loading=\"lazy\" decoding=\"async\" width=\"140\" height=\"140\" src=\"https:\/\/komplexingatlan.rmweb.hu\/wp-content\/uploads\/2025\/11\/agent-tmp-2.png\" class=\"attachment-full size-full wp-image-10723\" alt=\"\" \/><\/a><\/figure><div class=\"elementor-image-box-content\"><h3 class=\"elementor-image-box-title\"><a href=\"https:\/\/komplexingatlan.rmweb.hu\/sk\/agent\/radani-gabor\/\">Rad\u00e1ni G\u00e1bor<\/a><\/h3><p class=\"elementor-image-box-description\"><strong>ingatlank\u00f6zvet\u00edt\u0151<\/strong><br>\n+36-70\/941-70-38<br>\ngabor@komplexingatlan.com<\/p><\/div><\/div>\t\t\t\t<\/div>\n\t\t\t\t<\/div>\n\t\t\t\t<\/div>\n\t\t\t\t<\/div>\n\t\t<div class=\"elementor-element elementor-element-e9ffde0 e-con-full e-flex e-con e-child\" data-id=\"e9ffde0\" data-element_type=\"container\" data-settings=\"{&quot;background_background&quot;:&quot;classic&quot;}\">\n\t\t<div class=\"elementor-element elementor-element-8f25f60 e-con-full e-flex e-con e-child\" data-id=\"8f25f60\" data-element_type=\"container\">\n\t\t\t\t<div class=\"elementor-element elementor-element-94f055a elementor-position-left elementor-vertical-align-middle elementor-widget elementor-widget-image-box\" data-id=\"94f055a\" data-element_type=\"widget\" data-widget_type=\"image-box.default\">\n\t\t\t\t<div class=\"elementor-widget-container\">\n\t\t\t\t\t<div class=\"elementor-image-box-wrapper\"><figure class=\"elementor-image-box-img\"><a href=\"https:\/\/komplexingatlan.rmweb.hu\/sk\/agent\/tranker-sterna-david\/\" tabindex=\"-1\"><img loading=\"lazy\" decoding=\"async\" width=\"250\" height=\"250\" src=\"https:\/\/komplexingatlan.rmweb.hu\/wp-content\/uploads\/2025\/11\/IMG_9315.png\" class=\"attachment-full size-full wp-image-10768\" alt=\"\" srcset=\"https:\/\/komplexingatlan.rmweb.hu\/wp-content\/uploads\/2025\/11\/IMG_9315.png 250w, https:\/\/komplexingatlan.rmweb.hu\/wp-content\/uploads\/2025\/11\/IMG_9315-150x150.png 150w\" sizes=\"(max-width: 250px) 100vw, 250px\" \/><\/a><\/figure><div class=\"elementor-image-box-content\"><h3 class=\"elementor-image-box-title\"><a href=\"https:\/\/komplexingatlan.rmweb.hu\/sk\/agent\/tranker-sterna-david\/\">Tranker-Sterna D\u00e1vid<\/a><\/h3><p class=\"elementor-image-box-description\"><strong>ingatlank\u00f6zvet\u00edt\u0151<\/strong><br>\n+36-20\/933-63-87<br>\ntranker.david@komplexingatlan.com<\/p><\/div><\/div>\t\t\t\t<\/div>\n\t\t\t\t<\/div>\n\t\t\t\t<\/div>\n\t\t\t\t<\/div>\n\t\t\t\t\t<\/div>\n\t\t\t\t<\/div>\n\t\t<div class=\"elementor-element elementor-element-817c389 e-flex e-con-boxed e-con e-parent\" data-id=\"817c389\" data-element_type=\"container\">\n\t\t\t\t\t<div class=\"e-con-inner\">\n\t\t<div class=\"elementor-element elementor-element-ca8e247 e-con-full e-flex e-con e-child\" data-id=\"ca8e247\" data-element_type=\"container\" data-settings=\"{&quot;background_background&quot;:&quot;classic&quot;}\">\n\t\t<div class=\"elementor-element elementor-element-944a555 e-con-full e-flex e-con e-child\" data-id=\"944a555\" data-element_type=\"container\">\n\t\t\t\t<div class=\"elementor-element elementor-element-8fd95ee elementor-position-left elementor-vertical-align-middle elementor-widget elementor-widget-image-box\" data-id=\"8fd95ee\" data-element_type=\"widget\" data-widget_type=\"image-box.default\">\n\t\t\t\t<div class=\"elementor-widget-container\">\n\t\t\t\t\t<div class=\"elementor-image-box-wrapper\"><figure class=\"elementor-image-box-img\"><a href=\"https:\/\/komplexingatlan.rmweb.hu\/sk\/agent\/beres-martin\/\" tabindex=\"-1\"><img loading=\"lazy\" decoding=\"async\" width=\"250\" height=\"250\" src=\"https:\/\/komplexingatlan.rmweb.hu\/wp-content\/uploads\/2025\/11\/beres_martin_avatar.png\" class=\"attachment-full size-full wp-image-10718\" alt=\"\" srcset=\"https:\/\/komplexingatlan.rmweb.hu\/wp-content\/uploads\/2025\/11\/beres_martin_avatar.png 250w, https:\/\/komplexingatlan.rmweb.hu\/wp-content\/uploads\/2025\/11\/beres_martin_avatar-150x150.png 150w\" sizes=\"(max-width: 250px) 100vw, 250px\" \/><\/a><\/figure><div class=\"elementor-image-box-content\"><h3 class=\"elementor-image-box-title\"><a href=\"https:\/\/komplexingatlan.rmweb.hu\/sk\/agent\/beres-martin\/\">B\u00e9res Martin<\/a><\/h3><p class=\"elementor-image-box-description\"><strong>ingatlank\u00f6zvet\u00edt\u0151<\/strong><br>\n+36-20\/381-10-61<br>\nberes.martin@komplexingatlan.com<\/p><\/div><\/div>\t\t\t\t<\/div>\n\t\t\t\t<\/div>\n\t\t\t\t<\/div>\n\t\t\t\t<\/div>\n\t\t<div class=\"elementor-element elementor-element-3ea6dc2 e-con-full e-flex e-con e-child\" data-id=\"3ea6dc2\" data-element_type=\"container\" data-settings=\"{&quot;background_background&quot;:&quot;classic&quot;}\">\n\t\t<div class=\"elementor-element elementor-element-bfc238e e-con-full e-flex e-con e-child\" data-id=\"bfc238e\" data-element_type=\"container\">\n\t\t\t\t<div class=\"elementor-element elementor-element-22f9ae0 elementor-position-left elementor-vertical-align-middle elementor-widget elementor-widget-image-box\" data-id=\"22f9ae0\" data-element_type=\"widget\" data-widget_type=\"image-box.default\">\n\t\t\t\t<div class=\"elementor-widget-container\">\n\t\t\t\t\t<div class=\"elementor-image-box-wrapper\"><figure class=\"elementor-image-box-img\"><a href=\"https:\/\/komplexingatlan.rmweb.hu\/sk\/agent\/dr-voros-zoltan\/\" tabindex=\"-1\"><img loading=\"lazy\" decoding=\"async\" width=\"250\" height=\"250\" src=\"https:\/\/komplexingatlan.rmweb.hu\/wp-content\/uploads\/2025\/11\/voros_avatar.png\" class=\"attachment-full size-full wp-image-10729\" alt=\"\" srcset=\"https:\/\/komplexingatlan.rmweb.hu\/wp-content\/uploads\/2025\/11\/voros_avatar.png 250w, https:\/\/komplexingatlan.rmweb.hu\/wp-content\/uploads\/2025\/11\/voros_avatar-150x150.png 150w\" sizes=\"(max-width: 250px) 100vw, 250px\" \/><\/a><\/figure><div class=\"elementor-image-box-content\"><h3 class=\"elementor-image-box-title\"><a href=\"https:\/\/komplexingatlan.rmweb.hu\/sk\/agent\/dr-voros-zoltan\/\">dr. V\u00f6r\u00f6s Zolt\u00e1n<\/a><\/h3><p class=\"elementor-image-box-description\"><strong>ingatlank\u00f6zvet\u00edt\u0151<\/strong><br>\n+36-20\/772-26-24<br>\ndr.voros.zoltan@komplexingatlan.com<\/p><\/div><\/div>\t\t\t\t<\/div>\n\t\t\t\t<\/div>\n\t\t\t\t<\/div>\n\t\t\t\t<\/div>\n\t\t\t\t\t<\/div>\n\t\t\t\t<\/div>\n\t\t<div class=\"elementor-element elementor-element-ad58f76 e-flex e-con-boxed e-con e-parent\" data-id=\"ad58f76\" data-element_type=\"container\">\n\t\t\t\t\t<div class=\"e-con-inner\">\n\t\t<div class=\"elementor-element elementor-element-c7361e1 e-con-full e-flex e-con e-child\" data-id=\"c7361e1\" data-element_type=\"container\" data-settings=\"{&quot;background_background&quot;:&quot;classic&quot;}\">\n\t\t<div class=\"elementor-element elementor-element-48202be e-con-full e-flex e-con e-child\" data-id=\"48202be\" data-element_type=\"container\">\n\t\t\t\t<div class=\"elementor-element elementor-element-060b645 elementor-position-left elementor-vertical-align-middle elementor-widget elementor-widget-image-box\" data-id=\"060b645\" data-element_type=\"widget\" data-widget_type=\"image-box.default\">\n\t\t\t\t<div class=\"elementor-widget-container\">\n\t\t\t\t\t<div class=\"elementor-image-box-wrapper\"><figure class=\"elementor-image-box-img\"><a href=\"https:\/\/komplexingatlan.rmweb.hu\/sk\/agent\/nemeth-nikolett\/\" tabindex=\"-1\"><img loading=\"lazy\" decoding=\"async\" width=\"250\" height=\"250\" src=\"https:\/\/komplexingatlan.rmweb.hu\/wp-content\/uploads\/2025\/11\/nemeth_nikolett.png\" class=\"attachment-full size-full wp-image-10747\" alt=\"\" srcset=\"https:\/\/komplexingatlan.rmweb.hu\/wp-content\/uploads\/2025\/11\/nemeth_nikolett.png 250w, https:\/\/komplexingatlan.rmweb.hu\/wp-content\/uploads\/2025\/11\/nemeth_nikolett-150x150.png 150w\" sizes=\"(max-width: 250px) 100vw, 250px\" \/><\/a><\/figure><div class=\"elementor-image-box-content\"><h3 class=\"elementor-image-box-title\"><a href=\"https:\/\/komplexingatlan.rmweb.hu\/sk\/agent\/nemeth-nikolett\/\">N\u00e9meth Nikolett<\/a><\/h3><p class=\"elementor-image-box-description\"><strong>ingatlank\u00f6zvet\u00edt\u0151<\/strong><br>\n+36-20\/277-61-05<br>\nnemeth.nikolett@komplexingatlan.com<\/p><\/div><\/div>\t\t\t\t<\/div>\n\t\t\t\t<\/div>\n\t\t\t\t<\/div>\n\t\t\t\t<\/div>\n\t\t<div class=\"elementor-element elementor-element-d06c9e9 e-con-full e-flex e-con e-child\" data-id=\"d06c9e9\" data-element_type=\"container\" data-settings=\"{&quot;background_background&quot;:&quot;classic&quot;}\">\n\t\t<div class=\"elementor-element elementor-element-fe36064 e-con-full e-flex e-con e-child\" data-id=\"fe36064\" data-element_type=\"container\">\n\t\t\t\t<\/div>\n\t\t\t\t<\/div>\n\t\t\t\t\t<\/div>\n\t\t\t\t<\/div>\n\t\t<div class=\"elementor-element elementor-element-69cf90f e-flex e-con-boxed e-con e-parent\" data-id=\"69cf90f\" data-element_type=\"container\">\n\t\t\t\t\t<div class=\"e-con-inner\">\n\t\t\t\t<div class=\"elementor-element elementor-element-c4cbff9 elementor-widget elementor-widget-heading\" data-id=\"c4cbff9\" data-element_type=\"widget\" data-widget_type=\"heading.default\">\n\t\t\t\t<div class=\"elementor-widget-container\">\n\t\t\t\t\t<h2 class=\"elementor-heading-title elementor-size-default\">K\u00e9rd\u00e9se van? \u00cdrjon nek\u00fcnk bizalommal!<\/h2>\t\t\t\t<\/div>\n\t\t\t\t<\/div>\n\t\t\t\t<div class=\"elementor-element elementor-element-08d20aa elementor-widget__width-initial elementor-button-align-stretch elementor-widget elementor-widget-form\" data-id=\"08d20aa\" data-element_type=\"widget\" data-settings=\"{&quot;step_next_label&quot;:&quot;Next&quot;,&quot;step_previous_label&quot;:&quot;Previous&quot;,&quot;button_width&quot;:&quot;100&quot;,&quot;step_type&quot;:&quot;number_text&quot;,&quot;step_icon_shape&quot;:&quot;circle&quot;}\" data-widget_type=\"form.default\">\n\t\t\t\t<div class=\"elementor-widget-container\">\n\t\t\t\t\t\t\t<form class=\"elementor-form\" method=\"post\" name=\"Kapcsolat - Gy\u0151r\" action=\"\">\n\t\t\t<input type=\"hidden\" name=\"post_id\" value=\"10506\"\/>\n\t\t\t<input type=\"hidden\" name=\"form_id\" value=\"08d20aa\"\/>\n\t\t\t<input type=\"hidden\" name=\"referer_title\" value=\"Kapcsolat &#8211; Gy\u0151r\" \/>\n\n\t\t\t\t\t\t\t<input type=\"hidden\" name=\"queried_id\" value=\"10506\"\/>\n\t\t\t\n\t\t\t<div class=\"elementor-form-fields-wrapper elementor-labels-above\">\n\t\t\t\t\t\t\t\t<div class=\"elementor-field-type-text elementor-field-group elementor-column elementor-field-group-name elementor-col-100 elementor-field-required\">\n\t\t\t\t\t\t\t\t\t\t\t\t<label for=\"form-field-name\" class=\"elementor-field-label\">\n\t\t\t\t\t\t\t\tN\u00e9v\t\t\t\t\t\t\t<\/label>\n\t\t\t\t\t\t\t\t\t\t\t\t\t\t<input size=\"1\" type=\"text\" name=\"form_fields[name]\" id=\"form-field-name\" class=\"elementor-field elementor-size-sm  elementor-field-textual\" placeholder=\"N\u00e9v\" required=\"required\">\n\t\t\t\t\t\t\t\t\t\t\t<\/div>\n\t\t\t\t\t\t\t\t<div class=\"elementor-field-type-email elementor-field-group elementor-column elementor-field-group-email elementor-col-100 elementor-field-required\">\n\t\t\t\t\t\t\t\t\t\t\t\t<label for=\"form-field-email\" class=\"elementor-field-label\">\n\t\t\t\t\t\t\t\tEmail c\u00edm\t\t\t\t\t\t\t<\/label>\n\t\t\t\t\t\t\t\t\t\t\t\t\t\t<input size=\"1\" type=\"email\" name=\"form_fields[email]\" id=\"form-field-email\" class=\"elementor-field elementor-size-sm  elementor-field-textual\" placeholder=\"Email c\u00edm\" required=\"required\">\n\t\t\t\t\t\t\t\t\t\t\t<\/div>\n\t\t\t\t\t\t\t\t<div class=\"elementor-field-type-tel elementor-field-group elementor-column elementor-field-group-field_7399502 elementor-col-100 elementor-field-required\">\n\t\t\t\t\t\t\t\t\t\t\t\t<label for=\"form-field-field_7399502\" class=\"elementor-field-label\">\n\t\t\t\t\t\t\t\tTelefonsz\u00e1m\t\t\t\t\t\t\t<\/label>\n\t\t\t\t\t\t\t\t<input size=\"1\" type=\"tel\" name=\"form_fields[field_7399502]\" id=\"form-field-field_7399502\" class=\"elementor-field elementor-size-sm  elementor-field-textual\" placeholder=\"Telefonsz\u00e1m\" required=\"required\" pattern=\"[0-9()#&amp;+*-=.]+\" title=\"Only numbers and phone characters (#, -, *, etc) are accepted.\">\n\n\t\t\t\t\t\t<\/div>\n\t\t\t\t\t\t\t\t<div class=\"elementor-field-type-text elementor-field-group elementor-column elementor-field-group-field_e00d657 elementor-col-100 elementor-field-required\">\n\t\t\t\t\t\t\t\t\t\t\t\t<label for=\"form-field-field_e00d657\" class=\"elementor-field-label\">\n\t\t\t\t\t\t\t\tT\u00e1rgy\t\t\t\t\t\t\t<\/label>\n\t\t\t\t\t\t\t\t\t\t\t\t\t\t<input size=\"1\" type=\"text\" name=\"form_fields[field_e00d657]\" id=\"form-field-field_e00d657\" class=\"elementor-field elementor-size-sm  elementor-field-textual\" placeholder=\"T\u00e1rgy\" required=\"required\">\n\t\t\t\t\t\t\t\t\t\t\t<\/div>\n\t\t\t\t\t\t\t\t<div class=\"elementor-field-type-textarea elementor-field-group elementor-column elementor-field-group-message elementor-col-100 elementor-field-required\">\n\t\t\t\t\t\t\t\t\t\t\t\t<label for=\"form-field-message\" class=\"elementor-field-label\">\n\t\t\t\t\t\t\t\t\u00dczenet\t\t\t\t\t\t\t<\/label>\n\t\t\t\t\t\t<textarea class=\"elementor-field-textual elementor-field  elementor-size-sm\" name=\"form_fields[message]\" id=\"form-field-message\" rows=\"4\" placeholder=\"\u00dczenet\" required=\"required\"><\/textarea>\t\t\t\t<\/div>\n\t\t\t\t\t\t\t\t<div class=\"elementor-field-type-acceptance elementor-field-group elementor-column elementor-field-group-field_82816dd elementor-col-100 elementor-field-required\">\n\t\t\t\t\t\t\t<div class=\"elementor-field-subgroup\">\n\t\t\t<span class=\"elementor-field-option\">\n\t\t\t\t<input type=\"checkbox\" name=\"form_fields[field_82816dd]\" id=\"form-field-field_82816dd\" class=\"elementor-field elementor-size-sm  elementor-acceptance-field\" required=\"required\">\n\t\t\t\t<label for=\"form-field-field_82816dd\">Beleegyezem, hogy a komplexingatlan.hu kezelje az adataimat.<\/label>\t\t\t<\/span>\n\t\t<\/div>\n\t\t\t\t\t\t<\/div>\n\t\t\t\t\t\t\t\t<div class=\"elementor-field-group elementor-column elementor-field-type-submit elementor-col-100 e-form__buttons\">\n\t\t\t\t\t<button class=\"elementor-button elementor-size-sm\" type=\"submit\">\n\t\t\t\t\t\t<span class=\"elementor-button-content-wrapper\">\n\t\t\t\t\t\t\t\t\t\t\t\t\t\t\t\t\t\t\t\t\t\t<span class=\"elementor-button-text\">\u00dczenet k\u00fcld\u00e9se<\/span>\n\t\t\t\t\t\t\t\t\t\t\t\t\t<\/span>\n\t\t\t\t\t<\/button>\n\t\t\t\t<\/div>\n\t\t\t<\/div>\n\t\t<input type=\"hidden\" name=\"trp-form-language\" value=\"sk\"\/><\/form>\n\t\t\t\t\t\t<\/div>\n\t\t\t\t<\/div>\n\t\t\t\t\t<\/div>\n\t\t\t\t<\/div>\n\t\t\t\t<\/div>","protected":false},"excerpt":{"rendered":"<p>C\u00edm G\u00e1rdonyi G\u00e9za u. 3. (fszt.\/1) 9022 Gy\u0151r, Magyarorsz\u00e1g Telefon +36-20\/461-57-00 Email info@komplexingatlan.com dr. S\u00e1ndli Zsolt \u00dcgyvezet\u0151 +36-20\/461-57-00 info@komplexingatlan.com S\u00e1ndli Margar\u00e9ta irodavezet\u0151 +36-20\/436-04-00 margareta@komplexingatlan.com Rad\u00e1ni G\u00e1bor ingatlank\u00f6zvet\u00edt\u0151 +36-70\/941-70-38 gabor@komplexingatlan.com Tranker-Sterna D\u00e1vid ingatlank\u00f6zvet\u00edt\u0151 +36-20\/933-63-87 tranker.david@komplexingatlan.com B\u00e9res Martin ingatlank\u00f6zvet\u00edt\u0151 +36-20\/381-10-61 beres.martin@komplexingatlan.com dr. V\u00f6r\u00f6s Zolt\u00e1n ingatlank\u00f6zvet\u00edt\u0151 +36-20\/772-26-24 dr.voros.zoltan@komplexingatlan.com N\u00e9meth Nikolett ingatlank\u00f6zvet\u00edt\u0151 +36-20\/277-61-05 nemeth.nikolett@komplexingatlan.com K\u00e9rd\u00e9se van? \u00cdrjon nek\u00fcnk bizalommal!<\/p>","protected":false},"author":4,"featured_media":0,"parent":0,"menu_order":0,"comment_status":"closed","ping_status":"closed","template":"","meta":{"footnotes":""},"class_list":["post-10506","page","type-page","status-publish","hentry"],"_links":{"self":[{"href":"https:\/\/komplexingatlan.rmweb.hu\/sk\/wp-json\/wp\/v2\/pages\/10506","targetHints":{"allow":["GET"]}}],"collection":[{"href":"https:\/\/komplexingatlan.rmweb.hu\/sk\/wp-json\/wp\/v2\/pages"}],"about":[{"href":"https:\/\/komplexingatlan.rmweb.hu\/sk\/wp-json\/wp\/v2\/types\/page"}],"author":[{"embeddable":true,"href":"https:\/\/komplexingatlan.rmweb.hu\/sk\/wp-json\/wp\/v2\/users\/4"}],"replies":[{"embeddable":true,"href":"https:\/\/komplexingatlan.rmweb.hu\/sk\/wp-json\/wp\/v2\/comments?post=10506"}],"version-history":[{"count":16,"href":"https:\/\/komplexingatlan.rmweb.hu\/sk\/wp-json\/wp\/v2\/pages\/10506\/revisions"}],"predecessor-version":[{"id":14280,"href":"https:\/\/komplexingatlan.rmweb.hu\/sk\/wp-json\/wp\/v2\/pages\/10506\/revisions\/14280"}],"wp:attachment":[{"href":"https:\/\/komplexingatlan.rmweb.hu\/sk\/wp-json\/wp\/v2\/media?parent=10506"}],"curies":[{"name":"wp","href":"https:\/\/api.w.org\/{rel}","templated":true}]}}