{"id":12080,"date":"2026-01-20T10:06:27","date_gmt":"2026-01-20T10:06:27","guid":{"rendered":"https:\/\/komplexingatlan.rmweb.hu\/?page_id=12080"},"modified":"2026-04-15T06:57:08","modified_gmt":"2026-04-15T06:57:08","slug":"kapcsolat-tatabanya","status":"publish","type":"page","link":"https:\/\/komplexingatlan.rmweb.hu\/de\/kapcsolat-tatabanya\/","title":{"rendered":"Kapcsolat \u2013 Tatab\u00e1nya"},"content":{"rendered":"<div data-elementor-type=\"wp-page\" data-elementor-id=\"12080\" class=\"elementor elementor-12080\" data-elementor-post-type=\"page\">\n\t\t\t\t<div class=\"elementor-element elementor-element-33dfad5 e-flex e-con-boxed e-con e-parent\" data-id=\"33dfad5\" data-element_type=\"container\">\n\t\t\t\t\t<div class=\"e-con-inner\">\n\t\t<div class=\"elementor-element elementor-element-40ecc85 e-con-full e-flex e-con e-child\" data-id=\"40ecc85\" data-element_type=\"container\" data-settings=\"{&quot;background_background&quot;:&quot;classic&quot;}\">\n\t\t\t\t<div class=\"elementor-element elementor-element-5c48d65 elementor-position-top elementor-widget elementor-widget-image-box\" data-id=\"5c48d65\" data-element_type=\"widget\" data-widget_type=\"image-box.default\">\n\t\t\t\t<div class=\"elementor-widget-container\">\n\t\t\t\t\t<div class=\"elementor-image-box-wrapper\"><figure class=\"elementor-image-box-img\"><img fetchpriority=\"high\" decoding=\"async\" width=\"512\" height=\"512\" src=\"https:\/\/komplexingatlan.rmweb.hu\/wp-content\/uploads\/2025\/12\/location.png\" class=\"attachment-full size-full wp-image-11201\" alt=\"\" srcset=\"https:\/\/komplexingatlan.rmweb.hu\/wp-content\/uploads\/2025\/12\/location.png 512w, https:\/\/komplexingatlan.rmweb.hu\/wp-content\/uploads\/2025\/12\/location-300x300.png 300w, https:\/\/komplexingatlan.rmweb.hu\/wp-content\/uploads\/2025\/12\/location-150x150.png 150w\" sizes=\"(max-width: 512px) 100vw, 512px\" \/><\/figure><div class=\"elementor-image-box-content\"><h3 class=\"elementor-image-box-title\">C\u00edm<\/h3><p class=\"elementor-image-box-description\">K\u00f6zt\u00e1rsas\u00e1g \u00fatja 44\/B.<br>\n2800 Tatab\u00e1nya, Magyarorsz\u00e1g<\/p><\/div><\/div>\t\t\t\t<\/div>\n\t\t\t\t<\/div>\n\t\t\t\t<\/div>\n\t\t<div class=\"elementor-element elementor-element-ad76456 e-con-full e-flex e-con e-child\" data-id=\"ad76456\" data-element_type=\"container\" data-settings=\"{&quot;background_background&quot;:&quot;classic&quot;}\">\n\t\t\t\t<div class=\"elementor-element elementor-element-b1c59e8 elementor-position-top elementor-widget elementor-widget-image-box\" data-id=\"b1c59e8\" data-element_type=\"widget\" data-widget_type=\"image-box.default\">\n\t\t\t\t<div class=\"elementor-widget-container\">\n\t\t\t\t\t<div class=\"elementor-image-box-wrapper\"><figure class=\"elementor-image-box-img\"><a href=\"tel:+36204615700\" tabindex=\"-1\"><img decoding=\"async\" width=\"512\" height=\"512\" src=\"https:\/\/komplexingatlan.rmweb.hu\/wp-content\/uploads\/2025\/12\/telephone.png\" class=\"attachment-full size-full wp-image-11202\" alt=\"\" srcset=\"https:\/\/komplexingatlan.rmweb.hu\/wp-content\/uploads\/2025\/12\/telephone.png 512w, https:\/\/komplexingatlan.rmweb.hu\/wp-content\/uploads\/2025\/12\/telephone-300x300.png 300w, https:\/\/komplexingatlan.rmweb.hu\/wp-content\/uploads\/2025\/12\/telephone-150x150.png 150w\" sizes=\"(max-width: 512px) 100vw, 512px\" \/><\/a><\/figure><div class=\"elementor-image-box-content\"><h3 class=\"elementor-image-box-title\"><a href=\"tel:+36204615700\">Telefon<\/a><\/h3><p class=\"elementor-image-box-description\">+36-20\/461-57-00<\/p><\/div><\/div>\t\t\t\t<\/div>\n\t\t\t\t<\/div>\n\t\t\t\t<\/div>\n\t\t<div class=\"elementor-element elementor-element-d2b1639 e-con-full e-flex e-con e-child\" data-id=\"d2b1639\" data-element_type=\"container\" data-settings=\"{&quot;background_background&quot;:&quot;classic&quot;}\">\n\t\t\t\t<div class=\"elementor-element elementor-element-f5ba472 elementor-position-top elementor-widget elementor-widget-image-box\" data-id=\"f5ba472\" data-element_type=\"widget\" data-widget_type=\"image-box.default\">\n\t\t\t\t<div class=\"elementor-widget-container\">\n\t\t\t\t\t<div class=\"elementor-image-box-wrapper\"><figure class=\"elementor-image-box-img\"><a href=\"mailto:info@komplexingatlan.com\" tabindex=\"-1\"><img decoding=\"async\" width=\"512\" height=\"512\" src=\"https:\/\/komplexingatlan.rmweb.hu\/wp-content\/uploads\/2025\/12\/arroba.png\" class=\"attachment-full size-full wp-image-11203\" alt=\"\" srcset=\"https:\/\/komplexingatlan.rmweb.hu\/wp-content\/uploads\/2025\/12\/arroba.png 512w, https:\/\/komplexingatlan.rmweb.hu\/wp-content\/uploads\/2025\/12\/arroba-300x300.png 300w, https:\/\/komplexingatlan.rmweb.hu\/wp-content\/uploads\/2025\/12\/arroba-150x150.png 150w\" sizes=\"(max-width: 512px) 100vw, 512px\" \/><\/a><\/figure><div class=\"elementor-image-box-content\"><h3 class=\"elementor-image-box-title\"><a href=\"mailto:info@komplexingatlan.com\">Email<\/a><\/h3><p class=\"elementor-image-box-description\">info@komplexingatlan.com<\/p><\/div><\/div>\t\t\t\t<\/div>\n\t\t\t\t<\/div>\n\t\t\t\t<\/div>\n\t\t\t\t\t<\/div>\n\t\t\t\t<\/div>\n\t\t<div class=\"elementor-element elementor-element-c2f9eff e-flex e-con-boxed e-con e-parent\" data-id=\"c2f9eff\" data-element_type=\"container\">\n\t\t\t\t\t<div class=\"e-con-inner\">\n\t\t\t\t<div class=\"elementor-element elementor-element-d27f230 elementor-widget elementor-widget-google_maps\" data-id=\"d27f230\" data-element_type=\"widget\" data-widget_type=\"google_maps.default\">\n\t\t\t\t<div class=\"elementor-widget-container\">\n\t\t\t\t\t\t\t<div class=\"elementor-custom-embed\">\n\t\t\t<iframe loading=\"lazy\"\n\t\t\t\t\tsrc=\"https:\/\/maps.google.com\/maps?q=K%C3%B6zt%C3%A1rsas%C3%A1g%20%C3%BAtja%2044%2FB.%202800%20Tatab%C3%A1nya%2C%20Magyarorsz%C3%A1g&#038;t=m&#038;z=14&#038;output=embed&#038;iwloc=near\"\n\t\t\t\t\ttitle=\"K\u00f6zt\u00e1rsas\u00e1g \u00fatja 44\/B. 2800 Tatab\u00e1nya, Magyarorsz\u00e1g\"\n\t\t\t\t\taria-label=\"K\u00f6zt\u00e1rsas\u00e1g \u00fatja 44\/B. 2800 Tatab\u00e1nya, Magyarorsz\u00e1g\"\n\t\t\t><\/iframe>\n\t\t<\/div>\n\t\t\t\t\t\t<\/div>\n\t\t\t\t<\/div>\n\t\t\t\t\t<\/div>\n\t\t\t\t<\/div>\n\t\t<div class=\"elementor-element elementor-element-4860b4e e-flex e-con-boxed e-con e-parent\" data-id=\"4860b4e\" data-element_type=\"container\">\n\t\t\t\t\t<div class=\"e-con-inner\">\n\t\t<div class=\"elementor-element elementor-element-94bf173 e-con-full e-flex e-con e-child\" data-id=\"94bf173\" data-element_type=\"container\" data-settings=\"{&quot;background_background&quot;:&quot;classic&quot;}\">\n\t\t<div class=\"elementor-element elementor-element-3d37d6c e-con-full e-flex e-con e-child\" data-id=\"3d37d6c\" data-element_type=\"container\">\n\t\t\t\t<div class=\"elementor-element elementor-element-a4eede3 elementor-position-left elementor-vertical-align-middle elementor-widget elementor-widget-image-box\" data-id=\"a4eede3\" data-element_type=\"widget\" data-widget_type=\"image-box.default\">\n\t\t\t\t<div class=\"elementor-widget-container\">\n\t\t\t\t\t<div class=\"elementor-image-box-wrapper\"><figure class=\"elementor-image-box-img\"><a href=\"https:\/\/komplexingatlan.rmweb.hu\/de\/agent\/sandor-laszlo\/\" tabindex=\"-1\"><img loading=\"lazy\" decoding=\"async\" width=\"140\" height=\"140\" src=\"https:\/\/komplexingatlan.rmweb.hu\/wp-content\/uploads\/2025\/11\/agent-tmp-2.png\" class=\"attachment-full size-full wp-image-10723\" alt=\"\" \/><\/a><\/figure><div class=\"elementor-image-box-content\"><h3 class=\"elementor-image-box-title\"><a href=\"https:\/\/komplexingatlan.rmweb.hu\/de\/agent\/sandor-laszlo\/\">S\u00e1ndor L\u00e1szl\u00f3<\/a><\/h3><p class=\"elementor-image-box-description\"><strong>ingatlank\u00f6zvet\u00edt\u0151<\/strong><br>\n+36-70\/977-05-70<br>\nlaszlo@komplexingatlan.com<\/p><\/div><\/div>\t\t\t\t<\/div>\n\t\t\t\t<\/div>\n\t\t\t\t<\/div>\n\t\t\t\t<\/div>\n\t\t<div class=\"elementor-element elementor-element-bfba22c e-con-full e-flex e-con e-child\" data-id=\"bfba22c\" data-element_type=\"container\" data-settings=\"{&quot;background_background&quot;:&quot;classic&quot;}\">\n\t\t<div class=\"elementor-element elementor-element-8155992 e-con-full e-flex e-con e-child\" data-id=\"8155992\" data-element_type=\"container\">\n\t\t\t\t<div class=\"elementor-element elementor-element-60e3de6 elementor-position-left elementor-vertical-align-middle elementor-widget elementor-widget-image-box\" data-id=\"60e3de6\" data-element_type=\"widget\" data-widget_type=\"image-box.default\">\n\t\t\t\t<div class=\"elementor-widget-container\">\n\t\t\t\t\t<div class=\"elementor-image-box-wrapper\"><figure class=\"elementor-image-box-img\"><a href=\"https:\/\/komplexingatlan.rmweb.hu\/de\/agent\/papp-laszlo\/\" tabindex=\"-1\"><img loading=\"lazy\" decoding=\"async\" width=\"250\" height=\"250\" src=\"https:\/\/komplexingatlan.rmweb.hu\/wp-content\/uploads\/2025\/11\/komplex-avatar-papp.png\" class=\"attachment-full size-full wp-image-10750\" alt=\"\" srcset=\"https:\/\/komplexingatlan.rmweb.hu\/wp-content\/uploads\/2025\/11\/komplex-avatar-papp.png 250w, https:\/\/komplexingatlan.rmweb.hu\/wp-content\/uploads\/2025\/11\/komplex-avatar-papp-150x150.png 150w\" sizes=\"(max-width: 250px) 100vw, 250px\" \/><\/a><\/figure><div class=\"elementor-image-box-content\"><h3 class=\"elementor-image-box-title\"><a href=\"https:\/\/komplexingatlan.rmweb.hu\/de\/agent\/papp-laszlo\/\">Papp L\u00e1szl\u00f3<\/a><\/h3><p class=\"elementor-image-box-description\"><strong> ingatlank\u00f6zvet\u00edt\u0151 <\/strong><br>\n+36-70\/528-70-31<br>\npapp.laszlo@komplexingatlan.com<\/p><\/div><\/div>\t\t\t\t<\/div>\n\t\t\t\t<\/div>\n\t\t\t\t<\/div>\n\t\t\t\t<\/div>\n\t\t\t\t\t<\/div>\n\t\t\t\t<\/div>\n\t\t<div class=\"elementor-element elementor-element-afcce41 e-flex e-con-boxed e-con e-parent\" data-id=\"afcce41\" data-element_type=\"container\">\n\t\t\t\t\t<div class=\"e-con-inner\">\n\t\t<div class=\"elementor-element elementor-element-a317d96 e-con-full e-flex e-con e-child\" data-id=\"a317d96\" data-element_type=\"container\" data-settings=\"{&quot;background_background&quot;:&quot;classic&quot;}\">\n\t\t<div class=\"elementor-element elementor-element-a4169a6 e-con-full e-flex e-con e-child\" data-id=\"a4169a6\" data-element_type=\"container\">\n\t\t\t\t<div class=\"elementor-element elementor-element-d03ec6f elementor-position-left elementor-vertical-align-middle elementor-widget elementor-widget-image-box\" data-id=\"d03ec6f\" data-element_type=\"widget\" data-widget_type=\"image-box.default\">\n\t\t\t\t<div class=\"elementor-widget-container\">\n\t\t\t\t\t<div class=\"elementor-image-box-wrapper\"><figure class=\"elementor-image-box-img\"><a href=\"https:\/\/komplexingatlan.rmweb.hu\/de\/agent\/balla-gabriella\/\" tabindex=\"-1\"><img loading=\"lazy\" decoding=\"async\" width=\"750\" height=\"750\" src=\"https:\/\/komplexingatlan.rmweb.hu\/wp-content\/uploads\/2025\/11\/komplex-avatar_gabriella-1.png\" class=\"attachment-full size-full wp-image-10711\" alt=\"\" srcset=\"https:\/\/komplexingatlan.rmweb.hu\/wp-content\/uploads\/2025\/11\/komplex-avatar_gabriella-1.png 750w, https:\/\/komplexingatlan.rmweb.hu\/wp-content\/uploads\/2025\/11\/komplex-avatar_gabriella-1-300x300.png 300w, https:\/\/komplexingatlan.rmweb.hu\/wp-content\/uploads\/2025\/11\/komplex-avatar_gabriella-1-150x150.png 150w\" sizes=\"(max-width: 750px) 100vw, 750px\" \/><\/a><\/figure><div class=\"elementor-image-box-content\"><h3 class=\"elementor-image-box-title\"><a href=\"https:\/\/komplexingatlan.rmweb.hu\/de\/agent\/balla-gabriella\/\">Balla Gabriella<\/a><\/h3><p class=\"elementor-image-box-description\"><strong>ingatlank\u00f6zvet\u00edt\u0151 \u00e9s\nf\u00fcggetlen \u00e9rt\u00e9kbecsl\u0151<\/strong><br>\n+36-70\/394-27-94<br>\nballa.gabriella@komplexingatlan.com<\/p><\/div><\/div>\t\t\t\t<\/div>\n\t\t\t\t<\/div>\n\t\t\t\t<\/div>\n\t\t\t\t<\/div>\n\t\t<div class=\"elementor-element elementor-element-7e06349 e-con-full e-flex e-con e-child\" data-id=\"7e06349\" data-element_type=\"container\" data-settings=\"{&quot;background_background&quot;:&quot;classic&quot;}\">\n\t\t<div class=\"elementor-element elementor-element-2f16298 e-con-full e-flex e-con e-child\" data-id=\"2f16298\" data-element_type=\"container\">\n\t\t\t\t<div class=\"elementor-element elementor-element-de3eeb8 elementor-position-left elementor-vertical-align-middle elementor-widget elementor-widget-image-box\" data-id=\"de3eeb8\" data-element_type=\"widget\" data-widget_type=\"image-box.default\">\n\t\t\t\t<div class=\"elementor-widget-container\">\n\t\t\t\t\t<div class=\"elementor-image-box-wrapper\"><figure class=\"elementor-image-box-img\"><a href=\"https:\/\/komplexingatlan.rmweb.hu\/de\/agent\/bekefi-andrea\/\" tabindex=\"-1\"><img loading=\"lazy\" decoding=\"async\" width=\"250\" height=\"250\" src=\"https:\/\/komplexingatlan.rmweb.hu\/wp-content\/uploads\/2025\/11\/komplex-avatar-bekefiandrea.png\" class=\"attachment-full size-full wp-image-10714\" alt=\"\" srcset=\"https:\/\/komplexingatlan.rmweb.hu\/wp-content\/uploads\/2025\/11\/komplex-avatar-bekefiandrea.png 250w, https:\/\/komplexingatlan.rmweb.hu\/wp-content\/uploads\/2025\/11\/komplex-avatar-bekefiandrea-150x150.png 150w\" sizes=\"(max-width: 250px) 100vw, 250px\" \/><\/a><\/figure><div class=\"elementor-image-box-content\"><h3 class=\"elementor-image-box-title\"><a href=\"https:\/\/komplexingatlan.rmweb.hu\/de\/agent\/bekefi-andrea\/\">B\u00e9kefi Andrea<\/a><\/h3><p class=\"elementor-image-box-description\"><strong>ingatlank\u00f6zvet\u00edt\u0151<\/strong><br>\n+36-20\/250-32-08<br>\nbekefi.andrea@komplexingatlan.com<\/p><\/div><\/div>\t\t\t\t<\/div>\n\t\t\t\t<\/div>\n\t\t\t\t<\/div>\n\t\t\t\t<\/div>\n\t\t\t\t\t<\/div>\n\t\t\t\t<\/div>\n\t\t<div class=\"elementor-element elementor-element-ef74f19 e-flex e-con-boxed e-con e-parent\" data-id=\"ef74f19\" data-element_type=\"container\">\n\t\t\t\t\t<div class=\"e-con-inner\">\n\t\t<div class=\"elementor-element elementor-element-c238408 e-con-full e-flex e-con e-child\" data-id=\"c238408\" data-element_type=\"container\" data-settings=\"{&quot;background_background&quot;:&quot;classic&quot;}\">\n\t\t<div class=\"elementor-element elementor-element-98c4636 e-con-full e-flex e-con e-child\" data-id=\"98c4636\" data-element_type=\"container\">\n\t\t\t\t<div class=\"elementor-element elementor-element-6b73d22 elementor-position-left elementor-vertical-align-middle elementor-widget elementor-widget-image-box\" data-id=\"6b73d22\" data-element_type=\"widget\" data-widget_type=\"image-box.default\">\n\t\t\t\t<div class=\"elementor-widget-container\">\n\t\t\t\t\t<div class=\"elementor-image-box-wrapper\"><figure class=\"elementor-image-box-img\"><a href=\"https:\/\/komplexingatlan.rmweb.hu\/de\/agent\/nagy-kitty\/\" tabindex=\"-1\"><img loading=\"lazy\" decoding=\"async\" width=\"300\" height=\"300\" src=\"https:\/\/komplexingatlan.rmweb.hu\/wp-content\/uploads\/2026\/01\/komplex-avatar-kitty-300x300-1.png\" class=\"attachment-full size-full wp-image-12082\" alt=\"\" srcset=\"https:\/\/komplexingatlan.rmweb.hu\/wp-content\/uploads\/2026\/01\/komplex-avatar-kitty-300x300-1.png 300w, https:\/\/komplexingatlan.rmweb.hu\/wp-content\/uploads\/2026\/01\/komplex-avatar-kitty-300x300-1-150x150.png 150w, https:\/\/komplexingatlan.rmweb.hu\/wp-content\/uploads\/2026\/01\/komplex-avatar-kitty-300x300-1-12x12.png 12w\" sizes=\"(max-width: 300px) 100vw, 300px\" \/><\/a><\/figure><div class=\"elementor-image-box-content\"><h3 class=\"elementor-image-box-title\"><a href=\"https:\/\/komplexingatlan.rmweb.hu\/de\/agent\/nagy-kitty\/\">Nagy Kitty<\/a><\/h3><p class=\"elementor-image-box-description\"><strong>ingatlank\u00f6zvet\u00edt\u0151<\/strong><br>\n+36-70\/553-23-78<br>\nnagy.kitty@komplexingatlan.com<\/p><\/div><\/div>\t\t\t\t<\/div>\n\t\t\t\t<\/div>\n\t\t\t\t<\/div>\n\t\t\t\t<\/div>\n\t\t<div class=\"elementor-element elementor-element-47c0880 e-con-full e-flex e-con e-child\" data-id=\"47c0880\" data-element_type=\"container\" data-settings=\"{&quot;background_background&quot;:&quot;classic&quot;}\">\n\t\t<div class=\"elementor-element elementor-element-f3fd641 e-con-full e-flex e-con e-child\" data-id=\"f3fd641\" data-element_type=\"container\">\n\t\t\t\t<\/div>\n\t\t\t\t<\/div>\n\t\t\t\t\t<\/div>\n\t\t\t\t<\/div>\n\t\t<div class=\"elementor-element elementor-element-69af186 e-flex e-con-boxed e-con e-parent\" data-id=\"69af186\" data-element_type=\"container\">\n\t\t\t\t\t<div class=\"e-con-inner\">\n\t\t\t\t<div class=\"elementor-element elementor-element-e45463f elementor-widget elementor-widget-heading\" data-id=\"e45463f\" data-element_type=\"widget\" data-widget_type=\"heading.default\">\n\t\t\t\t<div class=\"elementor-widget-container\">\n\t\t\t\t\t<h2 class=\"elementor-heading-title elementor-size-default\">K\u00e9rd\u00e9se van? \u00cdrjon nek\u00fcnk bizalommal!<\/h2>\t\t\t\t<\/div>\n\t\t\t\t<\/div>\n\t\t\t\t<div class=\"elementor-element elementor-element-80cf8c1 elementor-widget__width-initial elementor-button-align-stretch elementor-widget elementor-widget-form\" data-id=\"80cf8c1\" data-element_type=\"widget\" data-settings=\"{&quot;step_next_label&quot;:&quot;Next&quot;,&quot;step_previous_label&quot;:&quot;Previous&quot;,&quot;button_width&quot;:&quot;100&quot;,&quot;step_type&quot;:&quot;number_text&quot;,&quot;step_icon_shape&quot;:&quot;circle&quot;}\" data-widget_type=\"form.default\">\n\t\t\t\t<div class=\"elementor-widget-container\">\n\t\t\t\t\t\t\t<form class=\"elementor-form\" method=\"post\" name=\"Kapcsolat - Tatab\u00e1nya\" action=\"\">\n\t\t\t<input type=\"hidden\" name=\"post_id\" value=\"12080\"\/>\n\t\t\t<input type=\"hidden\" name=\"form_id\" value=\"80cf8c1\"\/>\n\t\t\t<input type=\"hidden\" name=\"referer_title\" value=\"Kapcsolat \u2013 Tatab\u00e1nya\" \/>\n\n\t\t\t\t\t\t\t<input type=\"hidden\" name=\"queried_id\" value=\"12080\"\/>\n\t\t\t\n\t\t\t<div class=\"elementor-form-fields-wrapper elementor-labels-above\">\n\t\t\t\t\t\t\t\t<div class=\"elementor-field-type-text elementor-field-group elementor-column elementor-field-group-name elementor-col-100 elementor-field-required\">\n\t\t\t\t\t\t\t\t\t\t\t\t<label for=\"form-field-name\" class=\"elementor-field-label\">\n\t\t\t\t\t\t\t\tN\u00e9v\t\t\t\t\t\t\t<\/label>\n\t\t\t\t\t\t\t\t\t\t\t\t\t\t<input size=\"1\" type=\"text\" name=\"form_fields[name]\" id=\"form-field-name\" class=\"elementor-field elementor-size-sm  elementor-field-textual\" placeholder=\"N\u00e9v\" required=\"required\">\n\t\t\t\t\t\t\t\t\t\t\t<\/div>\n\t\t\t\t\t\t\t\t<div class=\"elementor-field-type-email elementor-field-group elementor-column elementor-field-group-email elementor-col-100 elementor-field-required\">\n\t\t\t\t\t\t\t\t\t\t\t\t<label for=\"form-field-email\" class=\"elementor-field-label\">\n\t\t\t\t\t\t\t\tEmail c\u00edm\t\t\t\t\t\t\t<\/label>\n\t\t\t\t\t\t\t\t\t\t\t\t\t\t<input size=\"1\" type=\"email\" name=\"form_fields[email]\" id=\"form-field-email\" class=\"elementor-field elementor-size-sm  elementor-field-textual\" placeholder=\"Email c\u00edm\" required=\"required\">\n\t\t\t\t\t\t\t\t\t\t\t<\/div>\n\t\t\t\t\t\t\t\t<div class=\"elementor-field-type-tel elementor-field-group elementor-column elementor-field-group-field_7399502 elementor-col-100 elementor-field-required\">\n\t\t\t\t\t\t\t\t\t\t\t\t<label for=\"form-field-field_7399502\" class=\"elementor-field-label\">\n\t\t\t\t\t\t\t\tTelefonsz\u00e1m\t\t\t\t\t\t\t<\/label>\n\t\t\t\t\t\t\t\t<input size=\"1\" type=\"tel\" name=\"form_fields[field_7399502]\" id=\"form-field-field_7399502\" class=\"elementor-field elementor-size-sm  elementor-field-textual\" placeholder=\"Telefonsz\u00e1m\" required=\"required\" pattern=\"[0-9()#&amp;+*-=.]+\" title=\"Only numbers and phone characters (#, -, *, etc) are accepted.\">\n\n\t\t\t\t\t\t<\/div>\n\t\t\t\t\t\t\t\t<div class=\"elementor-field-type-text elementor-field-group elementor-column elementor-field-group-field_e00d657 elementor-col-100 elementor-field-required\">\n\t\t\t\t\t\t\t\t\t\t\t\t<label for=\"form-field-field_e00d657\" class=\"elementor-field-label\">\n\t\t\t\t\t\t\t\tT\u00e1rgy\t\t\t\t\t\t\t<\/label>\n\t\t\t\t\t\t\t\t\t\t\t\t\t\t<input size=\"1\" type=\"text\" name=\"form_fields[field_e00d657]\" id=\"form-field-field_e00d657\" class=\"elementor-field elementor-size-sm  elementor-field-textual\" placeholder=\"T\u00e1rgy\" required=\"required\">\n\t\t\t\t\t\t\t\t\t\t\t<\/div>\n\t\t\t\t\t\t\t\t<div class=\"elementor-field-type-textarea elementor-field-group elementor-column elementor-field-group-message elementor-col-100 elementor-field-required\">\n\t\t\t\t\t\t\t\t\t\t\t\t<label for=\"form-field-message\" class=\"elementor-field-label\">\n\t\t\t\t\t\t\t\t\u00dczenet\t\t\t\t\t\t\t<\/label>\n\t\t\t\t\t\t<textarea class=\"elementor-field-textual elementor-field  elementor-size-sm\" name=\"form_fields[message]\" id=\"form-field-message\" rows=\"4\" placeholder=\"\u00dczenet\" required=\"required\"><\/textarea>\t\t\t\t<\/div>\n\t\t\t\t\t\t\t\t<div class=\"elementor-field-type-acceptance elementor-field-group elementor-column elementor-field-group-field_82816dd elementor-col-100 elementor-field-required\">\n\t\t\t\t\t\t\t<div class=\"elementor-field-subgroup\">\n\t\t\t<span class=\"elementor-field-option\">\n\t\t\t\t<input type=\"checkbox\" name=\"form_fields[field_82816dd]\" id=\"form-field-field_82816dd\" class=\"elementor-field elementor-size-sm  elementor-acceptance-field\" required=\"required\">\n\t\t\t\t<label for=\"form-field-field_82816dd\">Beleegyezem, hogy a komplexingatlan.hu kezelje az adataimat.<\/label>\t\t\t<\/span>\n\t\t<\/div>\n\t\t\t\t\t\t<\/div>\n\t\t\t\t\t\t\t\t<div class=\"elementor-field-group elementor-column elementor-field-type-submit elementor-col-100 e-form__buttons\">\n\t\t\t\t\t<button class=\"elementor-button elementor-size-sm\" type=\"submit\">\n\t\t\t\t\t\t<span class=\"elementor-button-content-wrapper\">\n\t\t\t\t\t\t\t\t\t\t\t\t\t\t\t\t\t\t\t\t\t\t<span class=\"elementor-button-text\">\u00dczenet k\u00fcld\u00e9se<\/span>\n\t\t\t\t\t\t\t\t\t\t\t\t\t<\/span>\n\t\t\t\t\t<\/button>\n\t\t\t\t<\/div>\n\t\t\t<\/div>\n\t\t<input type=\"hidden\" name=\"trp-form-language\" value=\"de\"\/><\/form>\n\t\t\t\t\t\t<\/div>\n\t\t\t\t<\/div>\n\t\t\t\t\t<\/div>\n\t\t\t\t<\/div>\n\t\t\t\t<\/div>","protected":false},"excerpt":{"rendered":"<p>C\u00edm K\u00f6zt\u00e1rsas\u00e1g \u00fatja 44\/B. 2800 Tatab\u00e1nya, Magyarorsz\u00e1g Telefon +36-20\/461-57-00 Email info@komplexingatlan.com S\u00e1ndor L\u00e1szl\u00f3 ingatlank\u00f6zvet\u00edt\u0151 +36-70\/977-05-70 laszlo@komplexingatlan.com Papp L\u00e1szl\u00f3 ingatlank\u00f6zvet\u00edt\u0151 +36-70\/528-70-31 papp.laszlo@komplexingatlan.com Balla Gabriella ingatlank\u00f6zvet\u00edt\u0151 \u00e9s f\u00fcggetlen \u00e9rt\u00e9kbecsl\u0151 +36-70\/394-27-94 balla.gabriella@komplexingatlan.com B\u00e9kefi Andrea ingatlank\u00f6zvet\u00edt\u0151 +36-20\/250-32-08 bekefi.andrea@komplexingatlan.com Nagy Kitty ingatlank\u00f6zvet\u00edt\u0151 +36-70\/553-23-78 nagy.kitty@komplexingatlan.com K\u00e9rd\u00e9se van? \u00cdrjon nek\u00fcnk bizalommal!<\/p>","protected":false},"author":1,"featured_media":0,"parent":0,"menu_order":0,"comment_status":"closed","ping_status":"closed","template":"","meta":{"footnotes":""},"class_list":["post-12080","page","type-page","status-publish","hentry"],"_links":{"self":[{"href":"https:\/\/komplexingatlan.rmweb.hu\/de\/wp-json\/wp\/v2\/pages\/12080","targetHints":{"allow":["GET"]}}],"collection":[{"href":"https:\/\/komplexingatlan.rmweb.hu\/de\/wp-json\/wp\/v2\/pages"}],"about":[{"href":"https:\/\/komplexingatlan.rmweb.hu\/de\/wp-json\/wp\/v2\/types\/page"}],"author":[{"embeddable":true,"href":"https:\/\/komplexingatlan.rmweb.hu\/de\/wp-json\/wp\/v2\/users\/1"}],"replies":[{"embeddable":true,"href":"https:\/\/komplexingatlan.rmweb.hu\/de\/wp-json\/wp\/v2\/comments?post=12080"}],"version-history":[{"count":16,"href":"https:\/\/komplexingatlan.rmweb.hu\/de\/wp-json\/wp\/v2\/pages\/12080\/revisions"}],"predecessor-version":[{"id":14287,"href":"https:\/\/komplexingatlan.rmweb.hu\/de\/wp-json\/wp\/v2\/pages\/12080\/revisions\/14287"}],"wp:attachment":[{"href":"https:\/\/komplexingatlan.rmweb.hu\/de\/wp-json\/wp\/v2\/media?parent=12080"}],"curies":[{"name":"wp","href":"https:\/\/api.w.org\/{rel}","templated":true}]}}