{"id":10556,"date":"2025-11-14T21:21:17","date_gmt":"2025-11-14T21:21:17","guid":{"rendered":"https:\/\/komplexingatlan.rmweb.hu\/?page_id=10556"},"modified":"2025-12-01T10:45:05","modified_gmt":"2025-12-01T10:45:05","slug":"villamos-biztonsagi-felulvizsgalat","status":"publish","type":"page","link":"https:\/\/komplexingatlan.rmweb.hu\/de\/villamos-biztonsagi-felulvizsgalat\/","title":{"rendered":"Elektrosicherheitspr\u00fcfung"},"content":{"rendered":"<div data-elementor-type=\"wp-page\" data-elementor-id=\"10556\" class=\"elementor elementor-10556\" data-elementor-post-type=\"page\">\n\t\t\t\t<div class=\"elementor-element elementor-element-123a6a40 e-flex e-con-boxed e-con e-parent\" data-id=\"123a6a40\" data-element_type=\"container\">\n\t\t\t\t\t<div class=\"e-con-inner\">\n\t\t\t\t<div class=\"elementor-element elementor-element-3a0e7524 elementor-widget elementor-widget-text-editor\" data-id=\"3a0e7524\" data-element_type=\"widget\" data-widget_type=\"text-editor.default\">\n\t\t\t\t<div class=\"elementor-widget-container\">\n\t\t\t\t\t\t\t\t\t<h3><strong>Villamos biztons\u00e1gi fel\u00fclvizsg\u00e1lat<\/strong><\/h3><p><strong>Mi az a villamos biztons\u00e1gi fel\u00fclvizsg\u00e1lat (VBF)?<\/strong><\/p><p>A villamos biztons\u00e1gi fel\u00fclvizsg\u00e1lat (r\u00f6viden: VBF) egy <strong>r\u00e9szletes m\u0171szaki ellen\u0151rz\u00e9s<\/strong>, amely azt vizsg\u00e1lja, hogy az ingatlan elektromos h\u00e1l\u00f3zata \u00e9s villamos berendez\u00e9sei <strong>megfelelnek-e a vonatkoz\u00f3 szabv\u00e1nyoknak, el\u0151\u00edr\u00e1soknak<\/strong>.<\/p><p>A fel\u00fclvizsg\u00e1lat sor\u00e1n:<\/p><ul><li>a szakember <strong>m\u0171szeres m\u00e9r\u00e9seket<\/strong> v\u00e9gez,<\/li><li>ellen\u0151rzi az <strong>\u00e1ram\u00fct\u00e9s elleni v\u00e9delem<\/strong> megl\u00e9t\u00e9t \u00e9s hat\u00e9konys\u00e1g\u00e1t,<\/li><li>megvizsg\u00e1lja a rendszer <strong>t\u0171zv\u00e9delmi megfelel\u0151s\u00e9g\u00e9t<\/strong><\/li><\/ul><p>A vizsg\u00e1latot csak olyan szakember v\u00e9gezheti, aki <strong>k\u00fcl\u00f6nleges er\u0151s\u00e1ram\u00fa villamos szakk\u00e9pzetts\u00e9ggel \u00e9s hivatalos k\u00e9pes\u00edt\u0151 szakvizsg\u00e1val rendelkezik<\/strong>.<\/p><p>A fel\u00fclvizsg\u00e1lat c\u00e9lja: megel\u0151zni az \u00e1ram\u00fct\u00e9st, az elektromos t\u00fczet, \u00e9s biztos\u00edtani, hogy az ingatlan <strong>jogszab\u00e1ly szerint is biztons\u00e1gosan \u00fczemeltethet\u0151<\/strong> legyen.<\/p><p>Ez k\u00fcl\u00f6n\u00f6sen fontos\u00a0<strong>ingatlan ad\u00e1sv\u00e9tel, b\u00e9rbead\u00e1s, biztos\u00edt\u00e1sk\u00f6t\u00e9s<\/strong> eset\u00e9n \u2013 de a biztons\u00e1g miatt egy\u00e9k\u00e9nt is er\u0151sen aj\u00e1nlott.<\/p><h3>\u00a0<\/h3><h3>K\u00f6telez\u0151? Igen \u2013 a jogszab\u00e1ly szerint!<\/h3><p>A\u00a0<strong>40\/2017. (XII. 4.) NGM rendelet<\/strong>\u00a01. mell\u00e9klet\u00e9t k\u00e9pez\u0151\u00a0<strong>Villamos M\u0171szaki Biztons\u00e1gi Szab\u00e1lyzat<\/strong>\u00a0egy\u00e9rtelm\u0171en meghat\u00e1rozza a k\u00f6telezetts\u00e9get:<\/p><blockquote><p>&#8211; Lak\u00f3\u00e9p\u00fcletek villamos berendez\u00e9s\u00e9n<em> legal\u00e1bb 6 \u00e9vente fel\u00fclvizsg\u00e1latot kell v\u00e9gezni<\/em> (a kiv\u00e9tel a &#8222;Kiskapu&#8221; r\u00e9sz alatt olvashat\u00f3 al\u00e1bb).<\/p><p>&#8211; Lak\u00e1sok eset\u00e9ben <em>b\u00e9rbead\u00e1skor vagy tulajdonosv\u00e1lt\u00e1skor<\/em> is k\u00f6telez\u0151 a vizsg\u00e1lat, ha nincs 6 \u00e9vn\u00e9l fiatalabb fel\u00fclvizsg\u00e1lati dokumentum (min\u0151s\u00edt\u0151 irat).<\/p><p>&#8211; a fentiekben fel nem sorolhat\u00f3 esetekben is 6 \u00e9vente el kell v\u00e9gezni a vizsg\u00e1latot \u2013 (szint\u00e9n kiv\u00e9tel a &#8222;Kiskapu&#8221; r\u00e9sz alatt olvashat\u00f3 al\u00e1bb).<\/p><\/blockquote><p><strong>Teh\u00e1t ha nincs 6 \u00e9ven bel\u00fcli \u00e9rv\u00e9nyes jegyz\u0151k\u00f6nyv<\/strong>, akkor <strong>a vizsg\u00e1lat k\u00f6telez\u0151<\/strong> \u2013 <em>b\u00e9rbead\u00e1s, elad\u00e1s, vagy egy\u00e9b \u00fcgylet el\u0151tt.<\/em><\/p><h3>\u00a0<\/h3><h3>Kiskapu \u2013 mikor NEM k\u00f6telez\u0151?<\/h3><p>A\u00a0<strong>Villamos M\u0171szaki Biztons\u00e1gi Szab\u00e1lyzat<\/strong>\u00a0szerint:<\/p><blockquote><p>\u201eLak\u00f3\u00e9p\u00fcletekben l\u00e9v\u0151,\u00a0<u>b\u00e9rlem\u00e9nynek nem min\u0151s\u00fcl\u0151 lak\u00e1sok<\/u>\u00a0villamos berendez\u00e9s\u00e9n az id\u0151szakos villamos biztons\u00e1gi fel\u00fclvizsg\u00e1lat\u00a0<u>elhagyhat\u00f3<\/u>, ha a\u00a0<u>k\u00f6vetkez\u0151 k\u00e9t felt\u00e9tel\u00a0<b>egy\u00fcttesen<\/b>\u00a0teljes\u00fcl<\/u>:<\/p><p>&#8211;\u00a0<b>f\u00e1zisonk\u00e9nt 32 A-n\u00e9l nem nagyobb<\/b>\u00a0n\u00e9vleges \u00e1ramer\u0151ss\u00e9g\u0171\u00a0<b>t\u00fal\u00e1ramv\u00e9delem van<\/b>, \u00e9s<br \/>&#8211;\u00a0<b>30 mA-n\u00e9l nem nagyobb<\/b>\u00a0\u00e9rz\u00e9kenys\u00e9g\u0171\u00a0<b>\u00e1ram-v\u00e9d\u0151kapcsol\u00f3<\/b>val v\u00e9dettek a felhaszn\u00e1l\u00f3i berendez\u00e9sek.\u201d<\/p><\/blockquote><h3><strong>\u00a0<\/strong><\/h3><h3><strong>Mit jelent ez?<\/strong><\/h3><p>Ha a lak\u00e1s\u00a0<strong>nem b\u00e9rlem\u00e9ny<\/strong>, \u00e9s:<\/p><ul><li>a\u00a0<strong>fogyaszt\u00e1sm\u00e9r\u0151n\u00e9l legfeljebb 32A-es biztos\u00edt\u00e9k<\/strong>\u00a0van,\u00a0<b>\u00c9S<\/b><\/li><li>az eg\u00e9sz lak\u00e1s<strong> FI-rel\u00e9vel (\u00e1ram-v\u00e9d\u0151kapcsol\u00f3val, ami 30\u202fmA hiba\u00e1ramra van be\u00e1ll\u00edtva) van v\u00e9dve<\/strong>,<br \/>akkor\u00a0<strong>nem k\u00f6telez\u0151<\/strong> a fel\u00fclvizsg\u00e1lat.<\/li><\/ul><p><strong>Az \u00e1ramer\u0151ss\u00e9g ellen\u0151rz\u00e9s\u00e9hez<\/strong> n\u00e9zz\u00fck meg a <strong>villany\u00f3ra melletti kismegszak\u00edt\u00f3t<\/strong>: az azon felt\u00fcntetett n\u00e9vleges \u00e1ram\u00e9rt\u00e9k (pl. 25 A, 32 A, 40 A) mutatja meg, hogy <strong>meghaladja-e a 32 amperes hat\u00e1rt<\/strong>, amely a villamos biztons\u00e1gi fel\u00fclvizsg\u00e1lat al\u00f3li mentess\u00e9g egyik felt\u00e9tele.<\/p><p><strong>Tapasztalat<\/strong>:\u00a0<u>ez a kiv\u00e9tel csak ritk\u00e1n teljes\u00fcl, f\u0151leg r\u00e9gebbi lak\u00e1sok eset\u00e9ben. A legt\u00f6bb helyen:<\/u><\/p><ul><li>vagy nincs FI-rel\u00e9,<\/li><li>vagy csak r\u00e9szlegesen van bek\u00f6tve,<\/li><li>vagy nem szakszer\u0171 a telep\u00edt\u00e9se.<\/li><\/ul><h3>Mi\u00e9rt \u00e9rdemes m\u00e9gis elv\u00e9gezni?<\/h3><ul><li>\u00a0Megel\u0151zhet\u0151ek az <strong>\u00e1ram\u00fct\u00e9ses balesetek,<\/strong><\/li><li>Cs\u00f6kkenthet\u0151 az <strong>elektromos t\u0171zvesz\u00e9ly,<\/strong><\/li><li><strong>Elad\u00e1sn\u00e1l vagy b\u00e9rbead\u00e1sn\u00e1l<\/strong> el\u0151ny a vev\u0151\/b\u00e9rl\u0151 r\u00e9sz\u00e9re,<\/li><li><strong>Biztos\u00edt\u00f3k k\u00e9rhetik<\/strong> a dokumentumot k\u00e1rkifizet\u00e9shez,<\/li><li>A <strong>FI-rel\u00e9 \u00e9s biztos\u00edt\u00e9kok<\/strong>\u00a0telep\u00edt\u00e9s\u00e9nek\u00a0<strong>k\u00f6lts\u00e9ge<\/strong>\u00a0gyakran k\u00f6zel<strong>\u00a0megegyezik<\/strong>\u00a0a\u00a0<strong>villamos biztons\u00e1gi fel\u00fclvizsg\u00e1lat \u00e1r\u00e1val.<\/strong><\/li><\/ul><h3>K\u00e9rjen aj\u00e1nlatot megb\u00edzhat\u00f3 fel\u00fclvizsg\u00e1latra!<\/h3><p>T\u00f6bb \u00e9ves tapasztalattal rendelkez\u0151 szak\u00e9rt\u0151 partner\u00fcnk elv\u00e9gzi a vizsg\u00e1latot \u00e9s ki\u00e1ll\u00edtja a hivatalos dokumentumot.<\/p><p><strong>Forduljon hozz\u00e1nk bizalommal!<\/strong><\/p><p><strong>e-mail:<\/strong>\u00a0<a href=\"mailto:vbf@komplexingatlan.com\" target=\"_blank\" rel=\"noopener\">vbf@komplexingatlan.com<\/a><\/p><p><strong>tel.:<\/strong>\u00a0+36-20\/461-57-00<\/p>\t\t\t\t\t\t\t\t<\/div>\n\t\t\t\t<\/div>\n\t\t\t\t\t<\/div>\n\t\t\t\t<\/div>\n\t\t\t\t<\/div>","protected":false},"excerpt":{"rendered":"<p>Villamos biztons\u00e1gi fel\u00fclvizsg\u00e1lat Mi az a villamos biztons\u00e1gi fel\u00fclvizsg\u00e1lat (VBF)? A villamos biztons\u00e1gi fel\u00fclvizsg\u00e1lat (r\u00f6viden: VBF) egy r\u00e9szletes m\u0171szaki ellen\u0151rz\u00e9s, amely azt vizsg\u00e1lja, hogy az ingatlan elektromos h\u00e1l\u00f3zata \u00e9s villamos berendez\u00e9sei megfelelnek-e a vonatkoz\u00f3 szabv\u00e1nyoknak, el\u0151\u00edr\u00e1soknak. A fel\u00fclvizsg\u00e1lat sor\u00e1n: a szakember m\u0171szeres m\u00e9r\u00e9seket v\u00e9gez, ellen\u0151rzi az \u00e1ram\u00fct\u00e9s elleni v\u00e9delem megl\u00e9t\u00e9t \u00e9s hat\u00e9konys\u00e1g\u00e1t, megvizsg\u00e1lja a rendszer [&hellip;]<\/p>","protected":false},"author":4,"featured_media":0,"parent":0,"menu_order":0,"comment_status":"closed","ping_status":"closed","template":"","meta":{"footnotes":""},"class_list":["post-10556","page","type-page","status-publish","hentry"],"_links":{"self":[{"href":"https:\/\/komplexingatlan.rmweb.hu\/de\/wp-json\/wp\/v2\/pages\/10556","targetHints":{"allow":["GET"]}}],"collection":[{"href":"https:\/\/komplexingatlan.rmweb.hu\/de\/wp-json\/wp\/v2\/pages"}],"about":[{"href":"https:\/\/komplexingatlan.rmweb.hu\/de\/wp-json\/wp\/v2\/types\/page"}],"author":[{"embeddable":true,"href":"https:\/\/komplexingatlan.rmweb.hu\/de\/wp-json\/wp\/v2\/users\/4"}],"replies":[{"embeddable":true,"href":"https:\/\/komplexingatlan.rmweb.hu\/de\/wp-json\/wp\/v2\/comments?post=10556"}],"version-history":[{"count":4,"href":"https:\/\/komplexingatlan.rmweb.hu\/de\/wp-json\/wp\/v2\/pages\/10556\/revisions"}],"predecessor-version":[{"id":11213,"href":"https:\/\/komplexingatlan.rmweb.hu\/de\/wp-json\/wp\/v2\/pages\/10556\/revisions\/11213"}],"wp:attachment":[{"href":"https:\/\/komplexingatlan.rmweb.hu\/de\/wp-json\/wp\/v2\/media?parent=10556"}],"curies":[{"name":"wp","href":"https:\/\/api.w.org\/{rel}","templated":true}]}}