{"id":10524,"date":"2025-11-14T20:27:36","date_gmt":"2025-11-14T20:27:36","guid":{"rendered":"https:\/\/komplexingatlan.rmweb.hu\/?page_id=10524"},"modified":"2025-11-14T20:28:02","modified_gmt":"2025-11-14T20:28:02","slug":"rolunk","status":"publish","type":"page","link":"https:\/\/komplexingatlan.rmweb.hu\/de\/rolunk\/","title":{"rendered":"\u00dcber uns"},"content":{"rendered":"<h2>PRO-COMPLEX 2010 Kft.<\/h2>\n<p>\u00dcdv\u00f6z\u00f6lj\u00fck a <strong>KOMPLEX INGATLAN<\/strong>IROD\u00c1N\u00c1L!<\/p>\n<p><strong>PROFI &#8211; KORREKT &#8211; DINAMIKUS<\/strong><\/p>\n<p><em><strong>Bemutatkoz\u00e1s<\/strong><br \/>\n<\/em>A Komplex Ingatlaniroda b\u00fcszk\u00e9n fogadja \u00fcgyfeleit 2010 \u00f3ta, \u00e9s az\u00f3ta is a legkiv\u00e1l\u00f3bb szolg\u00e1ltat\u00e1sokat k\u00edn\u00e1ljuk. PROFI &#8211; KORREKT &#8211; DINAMIKUS szeml\u00e9lettel sz\u00edvesen seg\u00edt\u00fcnk az \u00e1lomotthon megtal\u00e1l\u00e1s\u00e1ban Gy\u0151r-Moson-Sopron v\u00e1rmegy\u00e9ben (Gy\u0151rben \u00e9s Mosonmagyar\u00f3v\u00e1ron), Kom\u00e1rom-Esztergom v\u00e1rmegy\u00e9ben (Tatab\u00e1ny\u00e1n) \u00e9s Budapest III. ker\u00fclet\u00e9ben.<\/p>\n<p><em><strong>Egyedi szolg\u00e1ltat\u00e1sok, minden egy helyen<\/strong><br \/>\n<\/em>K\u00f6zel 230 tagirod\u00e1val \u00e9s mintegy 11.000 ingatlannal, a Komplex Ingatlaniroda r\u00e9sze az MIOSZ-nak (Magyar Ingatlank\u00f6zvet\u00edt\u0151k Orsz\u00e1gos Sz\u00f6vets\u00e9ge), amely garant\u00e1lja, hogy minden ig\u00e9nyt kiel\u00e9g\u00edt\u0151 ingatlank\u00edn\u00e1lattal \u00e1llunk az \u00fcgyfelek rendelkez\u00e9s\u00e9re.<\/p>\n<p><strong><em>XXI. sz\u00e1zadi informatikai h\u00e1tt\u00e9r<\/em><\/strong><br \/>\nA Komplex Ingatlaniroda csapat\u00e1t egy modern \u00e9s hat\u00e9kony informatikai h\u00e1tt\u00e9r t\u00e1mogatja, amely lehet\u0151v\u00e9 teszi, hogy gyorsan \u00e9s hat\u00e9konyan kezelj\u00fck az ingatlan\u00fcgyeket. Ez azt jelenti, hogy mindent egy helyen, g\u00f6rd\u00fcl\u00e9kenyen int\u00e9zhet\u00fcnk, \u00edgy \u00d6nnek t\u00f6bb id\u0151t, p\u00e9nzt sp\u00f3rolunk. \u00dcGYINT\u00c9Z\u00c9S KOMPLEX-en!<\/p>\n<p><strong><em>Szolg\u00e1ltat\u00e1sok<\/em><\/strong><\/p>\n<ul>\n<li><em>Jogi, \u00fcgyv\u00e9di h\u00e1tt\u00e9r:<\/em> Ingatlanelad\u00e1s vagy v\u00e1s\u00e1rl\u00e1s sor\u00e1n garant\u00e1ljuk a profi \u00fcgyv\u00e9di h\u00e1tteret, tapasztalt egy\u00fcttm\u0171k\u00f6d\u0151 \u00fcgyv\u00e9djeink k\u00f6zrem\u0171k\u00f6d\u00e9s\u00e9vel, kedvezm\u00e9nyes \u00fcgyv\u00e9di megb\u00edz\u00e1si d\u00edj\u00e9rt.<\/li>\n<li><em>Energetikai tan\u00fas\u00edtv\u00e1ny:<\/em> Soron k\u00edv\u00fcli tan\u00fas\u00edtv\u00e1nyokkal (ak\u00e1r 1 nap alatt) gondoskodunk r\u00f3la, hogy az ingatlanjai megfeleljenek a szerz\u0151d\u00e9s sz\u00fcks\u00e9ges el\u0151\u00edr\u00e1sainak.<\/li>\n<li><em>Hitelk\u00f6zvet\u00edt\u00e9s:<\/em> Kamatkedvezm\u00e9nyekkel \u00e9s szem\u00e9lyre szabott megold\u00e1sokkal seg\u00edt\u00fcnk megtal\u00e1lni a legjobb hitelaj\u00e1nlatokat.<\/li>\n<li><em>Kedvezm\u00e9nyes biztos\u00edt\u00e1sok<\/em>: Partneri kapcsolataink r\u00e9v\u00e9n kedvezm\u00e9nyes biztos\u00edt\u00e1si lehet\u0151s\u00e9geket k\u00edn\u00e1lunk, legyen sz\u00f3 vagyon-, vagy \u00e9letbiztos\u00edt\u00e1sokr\u00f3l.<\/li>\n<li><em>F\u00f6ldhivatali \u00fcgyint\u00e9z\u00e9s:<\/em> Hozz\u00e1\u00e9rt\u0151 koll\u00e9g\u00e1ink seg\u00edtenek az a f\u00f6ldhivatali elj\u00e1r\u00e1sok z\u00f6kken\u0151mentes \u00e9s gyors int\u00e9z\u00e9s\u00e9ben.<\/li>\n<li><em>V\u00e9grehajt\u00e1si \u00fcgyint\u00e9z\u00e9s:<\/em> Kiemelt szaktud\u00e1ssal rendelkez\u00fcnk a \u201ebed\u0151lt\u201d ingatlanok kezel\u00e9s\u00e9ben, a bajba jutott hitelesek megment\u00e9s\u00e9ben.<\/li>\n<li><em>Birtokbaad\u00e1s, k\u00f6zm\u0171vek \u00e1t\u00edr\u00e1sa:<\/em> Levessz\u00fck az \u00faj otthonba k\u00f6lt\u00f6z\u00e9ssel j\u00e1r\u00f3 adminisztr\u00e1ci\u00f3s terhet, v\u00e9gig k\u00eds\u00e9rj\u00fck a folyamatot eg\u00e9szen a kulcs\u00e1tad\u00e1sig.<\/li>\n<li><em>P\u00e1ly\u00e1zatok:<\/em> A fut\u00f3 p\u00e1ly\u00e1zatokban szerz\u0151d\u00f6tt partnereinkkel v\u00e1llaljuk a p\u00e1ly\u00e1zatok teljes k\u00f6r\u0171 lebonyol\u00edt\u00e1s\u00e1t.<\/li>\n<\/ul>\n<p><strong><em>Mi\u00e9rt v\u00e1lasszon minket?<\/em><\/strong><br \/>\nAz \u00d6n el\u00e9gedetts\u00e9ge a legfontosabb sz\u00e1munkra. Tapasztalt csapatunk mindent megtesz az\u00e9rt, hogy megk\u00f6nny\u00edtse az ingatlanv\u00e1s\u00e1rl\u00e1st vagy -\u00e9rt\u00e9kes\u00edt\u00e9st. Legyen sz\u00f3 lak\u00e1sr\u00f3l, csal\u00e1di h\u00e1zr\u00f3l vagy ak\u00e1r befektet\u00e9sr\u0151l, itt minden szolg\u00e1ltat\u00e1st megtal\u00e1l egy helyen.<br \/>\nV\u00e1lassza a Komplex Ingatlanirod\u00e1t, \u00e9s engedje meg, hogy seg\u00edts\u00fcnk \u00d6nnek megtal\u00e1lni a t\u00f6k\u00e9letes otthont vagy az ide\u00e1lis befektet\u00e9st. Vegye fel vel\u00fcnk a kapcsolatot m\u00e9g ma!<\/p>","protected":false},"excerpt":{"rendered":"<p>PRO-COMPLEX 2010 Kft. \u00dcdv\u00f6z\u00f6lj\u00fck a KOMPLEX INGATLANIROD\u00c1N\u00c1L! PROFI &#8211; KORREKT &#8211; DINAMIKUS Bemutatkoz\u00e1s A Komplex Ingatlaniroda b\u00fcszk\u00e9n fogadja \u00fcgyfeleit 2010 \u00f3ta, \u00e9s az\u00f3ta is a legkiv\u00e1l\u00f3bb szolg\u00e1ltat\u00e1sokat k\u00edn\u00e1ljuk. PROFI &#8211; KORREKT &#8211; DINAMIKUS szeml\u00e9lettel sz\u00edvesen seg\u00edt\u00fcnk az \u00e1lomotthon megtal\u00e1l\u00e1s\u00e1ban Gy\u0151r-Moson-Sopron v\u00e1rmegy\u00e9ben (Gy\u0151rben \u00e9s Mosonmagyar\u00f3v\u00e1ron), Kom\u00e1rom-Esztergom v\u00e1rmegy\u00e9ben (Tatab\u00e1ny\u00e1n) \u00e9s Budapest III. ker\u00fclet\u00e9ben. Egyedi szolg\u00e1ltat\u00e1sok, minden egy [&hellip;]<\/p>","protected":false},"author":4,"featured_media":0,"parent":0,"menu_order":0,"comment_status":"closed","ping_status":"closed","template":"","meta":{"footnotes":""},"class_list":["post-10524","page","type-page","status-publish","hentry"],"_links":{"self":[{"href":"https:\/\/komplexingatlan.rmweb.hu\/de\/wp-json\/wp\/v2\/pages\/10524","targetHints":{"allow":["GET"]}}],"collection":[{"href":"https:\/\/komplexingatlan.rmweb.hu\/de\/wp-json\/wp\/v2\/pages"}],"about":[{"href":"https:\/\/komplexingatlan.rmweb.hu\/de\/wp-json\/wp\/v2\/types\/page"}],"author":[{"embeddable":true,"href":"https:\/\/komplexingatlan.rmweb.hu\/de\/wp-json\/wp\/v2\/users\/4"}],"replies":[{"embeddable":true,"href":"https:\/\/komplexingatlan.rmweb.hu\/de\/wp-json\/wp\/v2\/comments?post=10524"}],"version-history":[{"count":2,"href":"https:\/\/komplexingatlan.rmweb.hu\/de\/wp-json\/wp\/v2\/pages\/10524\/revisions"}],"predecessor-version":[{"id":10526,"href":"https:\/\/komplexingatlan.rmweb.hu\/de\/wp-json\/wp\/v2\/pages\/10524\/revisions\/10526"}],"wp:attachment":[{"href":"https:\/\/komplexingatlan.rmweb.hu\/de\/wp-json\/wp\/v2\/media?parent=10524"}],"curies":[{"name":"wp","href":"https:\/\/api.w.org\/{rel}","templated":true}]}}