{"id":10514,"date":"2025-11-14T19:41:29","date_gmt":"2025-11-14T19:41:29","guid":{"rendered":"https:\/\/komplexingatlan.rmweb.hu\/?page_id=10514"},"modified":"2026-01-12T11:15:57","modified_gmt":"2026-01-12T11:15:57","slug":"karrier","status":"publish","type":"page","link":"https:\/\/komplexingatlan.rmweb.hu\/de\/karrier\/","title":{"rendered":"Karriere"},"content":{"rendered":"<div data-elementor-type=\"wp-page\" data-elementor-id=\"10514\" class=\"elementor elementor-10514\" data-elementor-post-type=\"page\">\n\t\t\t\t<div class=\"elementor-element elementor-element-29acba95 e-flex e-con-boxed e-con e-parent\" data-id=\"29acba95\" data-element_type=\"container\">\n\t\t\t\t\t<div class=\"e-con-inner\">\n\t\t\t\t<div class=\"elementor-element elementor-element-38135867 elementor-widget elementor-widget-text-editor\" data-id=\"38135867\" data-element_type=\"widget\" data-widget_type=\"text-editor.default\">\n\t\t\t\t<div class=\"elementor-widget-container\">\n\t\t\t\t\t\t\t\t\t<p>Az id\u00e9n imm\u00e1r 15(!) \u00e9ves <span style=\"color: #00cfcf;\"><strong>KOMPLEX INGATLANIRODA<\/strong><\/span> h\u00e1l\u00f3zata felv\u00e9telt hirdet! Az elm\u00falt id\u0151szak ingatlanpiaci helyzete lehet\u0151v\u00e9 teszi csapatunk l\u00e9tsz\u00e1m\u00e1nak b\u0151v\u00edt\u00e9s\u00e9t. Olyan tulajdons\u00e1ggal rendelkez\u0151 munkat\u00e1rsakat v\u00e1runk, akiknek c\u00e9ljuk, hogy folyamatosan fejl\u0151djenek, \u00e9s egy \u00fajfajta \u00e9rt\u00e9kes\u00edt\u0151i szeml\u00e9letet saj\u00e1t\u00edtsanak el.<\/p><p>T\u00e9ged keres\u00fcnk, ha el\u00e9g motiv\u00e1ltnak \u00e9rzed magad ahhoz, hogy id\u0151t \u00e9s energi\u00e1t sz\u00e1nj arra, hogy t\u0151l\u00fcnk, professzion\u00e1lis m\u00f3don tanuld meg az ingatlank\u00f6zvet\u00edt\u0151 szakma rejtelmeit.<\/p><p>Nem \u00edg\u00e9r\u00fcnk t\u00fcnd\u00e9rmes\u00e9t, kem\u00e9ny \u00e9s kitart\u00f3 munk\u00e1val \u00e9p\u00edthetsz magadnak egy \u00faj, biztos karriert, ha megfogadod \u00e9s alkalmazod munkam\u00f3dszereinket, tan\u00e1csainkat.<\/p><p>Ha \u00fagy \u00e9rzed, hogy t\u00f6bbre vagy k\u00e9pes ann\u00e1l, amit csin\u00e1lsz. Ha kitart\u00f3 vagy, j\u00f3l kommunik\u00e1lsz, szeretn\u00e9l j\u00f3val az \u00e1tlag felett keresni \u00e9s minimum \u00e9retts\u00e9givel rendelkezel akkor jelentkezz ingatlan tan\u00e1csad\u00f3nak \u00e9s egy k\u00f6tetlen besz\u00e9lget\u00e9s keretein bel\u00fcl bemutatjuk h\u00e1l\u00f3zatunkat, valamint k\u00f6z\u00f6sen felm\u00e9rj\u00fck, hogy ide\u00e1lis lehet-e sz\u00e1modra ez a szakma.<\/p><p>C\u00e9g\u00fcnk f\u0151 profilja az ingatlank\u00f6zvet\u00edt\u00e9s, amelyhez a c\u00e9gcsoport olyan egyedi h\u00e1tteret biztos\u00edt, melynek k\u00f6sz\u00f6nhet\u0151en az \u00fcgyf\u00e9lig\u00e9nyeket professzion\u00e1lis szinten, KOMPLEX szolg\u00e1ltat\u00e1ssal tudjuk kiel\u00e9g\u00edteni, \u00e9s ehhez az ingatlantan\u00e1csad\u00f3 koll\u00e9g\u00e1inknak a legjobb felt\u00e9teleket biztos\u00edtjuk a piacon. Tudjuk a megold\u00e1st ahhoz, hogy valaki kisz\u00e1m\u00edthat\u00f3an, folyamatosan el\u00e9rje kit\u0171z\u00f6tt c\u00e9ljait \u00e9s ehhez minden t\u00e1mogat\u00e1st megadunk.<\/p><p>Mentoraid k\u00f6z\u00f6tt lesz jog\u00e1sz, k\u00f6zgazd\u00e1sz, \u00e9rt\u00e9kbecsl\u0151, hitelk\u00f6zvet\u00edt\u0151, volt v\u00e9grehajt\u00f3.<\/p><p>K\u00fcldd el p\u00e1ly\u00e1zatod \u00e9s tanuld meg ezt az (ak\u00e1r \u00e9letre sz\u00f3l\u00f3) hivat\u00e1st a sok \u00e9ves tapasztalattal rendelkez\u0151 vezet\u0151inkt\u0151l!<\/p><h3><strong>Feladatok:<\/strong><\/h3><ul><li>\u00daj elad\u00f3 \u00e9s kiad\u00f3 ingatlanok felv\u00e9tele<\/li><li>Kapcsolattart\u00e1s az \u00fcgyfelekkel<\/li><li>\u00c9rt\u00e9kes\u00edt\u00e9si feladatok elv\u00e9gz\u00e9se, elad\u00e1stechnika elsaj\u00e1t\u00edt\u00e1sa, fejleszt\u00e9se<\/li><li>Hirdet\u00e9si feladatok v\u00e9gz\u00e9se, marketing<\/li><li>\u00c1ralak\u00edt\u00e1s<\/li><li>Adminisztr\u00e1ci\u00f3<\/li><\/ul><h3><strong>Amit k\u00e9r\u00fcnk:<\/strong><\/h3><ul><li>Csapatban \u00e9s \u00f6n\u00e1ll\u00f3 munkav\u00e9gz\u00e9sre is k\u00e9pes \u00e9rt\u00e9kes\u00edt\u0151i szeml\u00e9let<\/li><li>J\u00f3 feladatmegold\u00f3 \u00e9s probl\u00e9makezel\u0151 k\u00e9pess\u00e9g<\/li><li>Pozit\u00edv be\u00e1ll\u00edtotts\u00e1g, v\u00e1llalkoz\u00f3i szeml\u00e9let<\/li><li><span style=\"font-family: var(--g5-body-font); font-size: var(--g5-body-font-size);\">Magabiztos, hat\u00e1rozott fell\u00e9p\u00e9s, \u00f6n\u00e1ll\u00f3s\u00e1g<\/span><\/li><li><span style=\"font-family: var(--g5-body-font); font-size: var(--g5-body-font-size);\">Terhelhet\u0151s\u00e9g<\/span><\/li><li><span style=\"font-family: var(--g5-body-font); font-size: var(--g5-body-font-size);\">K\u00f6z\u00e9pfok\u00fa v\u00e9gzetts\u00e9g<\/span><\/li><li><span style=\"font-family: var(--g5-body-font); font-size: var(--g5-body-font-size);\">Felhaszn\u00e1l\u00f3i sz\u00e1m\u00edt\u00f3g\u00e9pes, internetes ismeretek<\/span><\/li><\/ul><div>\u00a0<\/div><h3><em>El\u0151nyt jelent:<\/em><\/h3><ul><li>\u00c9rt\u00e9kes\u00edt\u0151i tapasztalat<\/li><li>B kateg\u00f3ri\u00e1s jogos\u00edtv\u00e1ny<\/li><li>P\u00e1lyakezd\u0151<\/li><\/ul><div>\u00a0<\/div><h3><strong>Amit ny\u00fajtunk:<\/strong><\/h3><ul><li>D\u00edjmentes alapk\u00e9pz\u00e9s, majd folyamatos szakmai tov\u00e1bbk\u00e9pz\u00e9sek<\/li><li>Az ingatlank\u00f6zvet\u00edt\u0151i \u00e9letp\u00e1lyamodell elsaj\u00e1t\u00edt\u00e1sa<\/li><li>\u00a0Tov\u00e1bbl\u00e9p\u00e9si lehet\u0151s\u00e9gek, karrierlehet\u0151s\u00e9g<\/li><li>Ingyenes irodai infrastrukt\u00fara biztos\u00edt\u00e1sa<\/li><li>Folyamatos hirdet\u00e9sek piacvezet\u0151 port\u00e1lokon<\/li><li>Marketing h\u00e1tt\u00e9r teljes k\u00f6r\u0171 t\u00e1mogat\u00e1ssal<\/li><li>Jogi h\u00e1tt\u00e9r<\/li><li>Csal\u00e1dias l\u00e9gk\u00f6r kiv\u00e1l\u00f3 szakemberekkel<\/li><li>Jutal\u00e9k, b\u00f3nusz, folyamatos motiv\u00e1ci\u00f3s versenyek<\/li><li>korrekt, dinamikusan fejl\u0151d\u0151 c\u00e9g megbecs\u00fclt munkat\u00e1rs\u00e1v\u00e1 v\u00e1lhat<\/li><\/ul><div>\u00a0<\/div><h3><em>Munkav\u00e9gz\u00e9s helye:<\/em><\/h3><div>Gy\u0151r, Mosonmagyar\u00f3v\u00e1r, Tatab\u00e1nya, Budapest, Sopron \u00e9s a k\u00f6rnyez\u0151 telep\u00fcl\u00e9sek<\/div><div>\u00a0<\/div><h4><strong>Jelentkez\u00e9s f\u00e9nyk\u00e9pes \u00f6n\u00e9letrajzzal az al\u00e1bbi e-mail c\u00edmen:<\/strong><\/h4><div><a href=\"mailto:info@komplexingatlan.com\">info@komplexingatlan.com<\/a><\/div>\t\t\t\t\t\t\t\t<\/div>\n\t\t\t\t<\/div>\n\t\t\t\t\t<\/div>\n\t\t\t\t<\/div>\n\t\t\t\t<\/div>","protected":false},"excerpt":{"rendered":"<p>Az id\u00e9n imm\u00e1r 15(!) \u00e9ves KOMPLEX INGATLANIRODA h\u00e1l\u00f3zata felv\u00e9telt hirdet! Az elm\u00falt id\u0151szak ingatlanpiaci helyzete lehet\u0151v\u00e9 teszi csapatunk l\u00e9tsz\u00e1m\u00e1nak b\u0151v\u00edt\u00e9s\u00e9t. Olyan tulajdons\u00e1ggal rendelkez\u0151 munkat\u00e1rsakat v\u00e1runk, akiknek c\u00e9ljuk, hogy folyamatosan fejl\u0151djenek, \u00e9s egy \u00fajfajta \u00e9rt\u00e9kes\u00edt\u0151i szeml\u00e9letet saj\u00e1t\u00edtsanak el. T\u00e9ged keres\u00fcnk, ha el\u00e9g motiv\u00e1ltnak \u00e9rzed magad ahhoz, hogy id\u0151t \u00e9s energi\u00e1t sz\u00e1nj arra, hogy t\u0151l\u00fcnk, professzion\u00e1lis m\u00f3don [&hellip;]<\/p>","protected":false},"author":4,"featured_media":0,"parent":0,"menu_order":0,"comment_status":"closed","ping_status":"closed","template":"","meta":{"footnotes":""},"class_list":["post-10514","page","type-page","status-publish","hentry"],"_links":{"self":[{"href":"https:\/\/komplexingatlan.rmweb.hu\/de\/wp-json\/wp\/v2\/pages\/10514","targetHints":{"allow":["GET"]}}],"collection":[{"href":"https:\/\/komplexingatlan.rmweb.hu\/de\/wp-json\/wp\/v2\/pages"}],"about":[{"href":"https:\/\/komplexingatlan.rmweb.hu\/de\/wp-json\/wp\/v2\/types\/page"}],"author":[{"embeddable":true,"href":"https:\/\/komplexingatlan.rmweb.hu\/de\/wp-json\/wp\/v2\/users\/4"}],"replies":[{"embeddable":true,"href":"https:\/\/komplexingatlan.rmweb.hu\/de\/wp-json\/wp\/v2\/comments?post=10514"}],"version-history":[{"count":7,"href":"https:\/\/komplexingatlan.rmweb.hu\/de\/wp-json\/wp\/v2\/pages\/10514\/revisions"}],"predecessor-version":[{"id":11929,"href":"https:\/\/komplexingatlan.rmweb.hu\/de\/wp-json\/wp\/v2\/pages\/10514\/revisions\/11929"}],"wp:attachment":[{"href":"https:\/\/komplexingatlan.rmweb.hu\/de\/wp-json\/wp\/v2\/media?parent=10514"}],"curies":[{"name":"wp","href":"https:\/\/api.w.org\/{rel}","templated":true}]}}